{"id":2095,"date":"2024-05-21T12:04:55","date_gmt":"2024-05-21T12:04:55","guid":{"rendered":"https:\/\/www.adalan.es\/qui-som\/"},"modified":"2024-10-30T19:45:02","modified_gmt":"2024-10-30T19:45:02","slug":"qui-som","status":"publish","type":"page","link":"https:\/\/www.adalan.es\/ca\/qui-som\/","title":{"rendered":"Qui som"},"content":{"rendered":"<p>[et_pb_section fb_built=&#8221;1&#8243; admin_label=&#8221;Header&#8221; module_id=&#8221;main-banner&#8221; _builder_version=&#8221;4.25.2&#8243; background_image=&#8221;https:\/\/www.adalan.es\/wp-content\/uploads\/2015\/05\/adalan.jpg&#8221; parallax=&#8221;on&#8221; background_blend=&#8221;luminosity&#8221; custom_padding=&#8221;2vw||2vw||false|false&#8221; global_colors_info=&#8221;{}&#8221;][et_pb_row column_structure=&#8221;2_5,3_5&#8243; _builder_version=&#8221;4.25.1&#8243; background_size=&#8221;initial&#8221; background_position=&#8221;top_left&#8221; background_repeat=&#8221;repeat&#8221; global_colors_info=&#8221;{}&#8221;][et_pb_column type=&#8221;2_5&#8243; _builder_version=&#8221;4.25.1&#8243; background_color=&#8221;#FFFFFF&#8221; custom_padding=&#8221;|||&#8221; border_radii=&#8221;on|10px|10px|10px|10px&#8221; box_shadow_style=&#8221;preset2&#8243; global_colors_info=&#8221;{}&#8221; custom_padding__hover=&#8221;|||&#8221;][et_pb_slider use_bg_overlay=&#8221;off&#8221; admin_label=&#8221;Ofertas&#8221; _builder_version=&#8221;4.27.0&#8243; _module_preset=&#8221;default&#8221; header_text_color=&#8221;#FFFFFF&#8221; body_font=&#8221;Montserrat||||||||&#8221; body_text_color=&#8221;#000000&#8243; background_color=&#8221;#035b8b&#8221; background_enable_image=&#8221;off&#8221; custom_margin=&#8221;||||false|false&#8221; custom_padding=&#8221;||||false|false&#8221; border_radii=&#8221;on|10px|10px|10px|10px&#8221; border_style_all=&#8221;none&#8221; box_shadow_style=&#8221;preset2&#8243; global_colors_info=&#8221;{}&#8221;][et_pb_slide heading=&#8221;Adalan Tonic&#8221; image=&#8221;https:\/\/www.adalan.es\/wp-content\/uploads\/2023\/12\/Tonic-web-e1717512518522.png&#8221; use_bg_overlay=&#8221;on&#8221; image_alt=&#8221;Foto oferta Gel Tonic-M\u00f3n de Natura 250 ml&#8221; _builder_version=&#8221;4.27.0&#8243; _module_preset=&#8221;default&#8221; header_font=&#8221;Yeseva One||||||||&#8221; header_text_color=&#8221;#FFFFFF&#8221; body_font=&#8221;Montserrat||||||||&#8221; body_text_color=&#8221;#000000&#8243; body_font_size=&#8221;18px&#8221; background_color=&#8221;RGBA(255,255,255,0)&#8221; background_enable_color=&#8221;on&#8221; z_index=&#8221;0&#8243; text_orientation=&#8221;left&#8221; background_layout=&#8221;light&#8221; max_width=&#8221;70%&#8221; custom_padding=&#8221;||||false|false&#8221; child_filter_hue_rotate=&#8221;64deg&#8221; child_mix_blend_mode=&#8221;soft-light&#8221; border_radii_image=&#8221;off|50%|50%|50%|50%&#8221; border_color_all_image=&#8221;RGBA(255,255,255,0)&#8221; border_style_all_image=&#8221;outset&#8221; global_colors_info=&#8221;{}&#8221; sticky_transition=&#8221;on&#8221;]<span>qui som&#8230; <\/span><\/p>\n<p style=\"margin-top: 1rem; text-align: center;\">El teu company de recuperaci\u00f3<\/p>\n<p>[\/et_pb_slide][et_pb_slide heading=&#8221;Oferta de Llan\u00e7ament&#8221; image=&#8221;https:\/\/www.adalan.es\/wp-content\/uploads\/2016\/06\/IMG_20160527_131022.redimensionada-e1716463026705.jpg&#8221; image_alt=&#8221;Foto Oferta Oli de Lavanda&#8221; _builder_version=&#8221;4.27.0&#8243; _module_preset=&#8221;default&#8221; header_font=&#8221;Yeseva One||||||||&#8221; header_text_color=&#8221;#FFFFFF&#8221; body_font=&#8221;Montserrat||||||||&#8221; body_text_align=&#8221;center&#8221; body_text_color=&#8221;#000000&#8243; body_font_size=&#8221;100%&#8221; background_color=&#8221;RGBA(255,255,255,0)&#8221; background_enable_color=&#8221;on&#8221; text_orientation=&#8221;left&#8221; background_layout=&#8221;light&#8221; max_width=&#8221;70%&#8221; custom_padding=&#8221;||||false|false&#8221; child_mix_blend_mode=&#8221;soft-light&#8221; border_radii_image=&#8221;off|50%|50%|50%|50%&#8221; global_colors_info=&#8221;{}&#8221; sticky_transition=&#8221;on&#8221;]<\/p>\n<p style=\"margin-top: 1rem; text-align: center;\">A la nostra nova botiga online \u2013 Per compres superiors a 40\u20ac, rep l&#8217;obsequi d&#8217;una de les nostres gelatines de 50ml. Ideal per portar a sobre. <\/p>\n<p>[\/et_pb_slide][et_pb_slide heading=&#8221;Adalan  Trailrun&#8221; image=&#8221;https:\/\/www.adalan.es\/wp-content\/uploads\/2015\/04\/FOTO-PARADA-e1716463541991.jpg&#8221; image_alt=&#8221;Foto patrocini TrailRun&#8221; _builder_version=&#8221;4.27.0&#8243; _module_preset=&#8221;default&#8221; header_font=&#8221;Yeseva One||||||||&#8221; header_text_color=&#8221;#FFFFFF&#8221; body_font=&#8221;Montserrat||||||||&#8221; body_text_color=&#8221;#000000&#8243; body_font_size=&#8221;18px&#8221; background_color=&#8221;RGBA(255,255,255,0)&#8221; background_enable_color=&#8221;on&#8221; text_orientation=&#8221;left&#8221; background_layout=&#8221;light&#8221; max_width=&#8221;70%&#8221; custom_padding=&#8221;||||false|false&#8221; child_mix_blend_mode=&#8221;soft-light&#8221; border_radii_image=&#8221;off|50%|50%|50%|50%&#8221; global_colors_info=&#8221;{}&#8221; sticky_transition=&#8221;on&#8221;]<\/p>\n<p style=\"margin-top: 1rem; text-align: center;\">Adalan Sponsor del Trailrun\u2013 Donem suport a esdeveniments esportius<\/p>\n<p>[\/et_pb_slide][\/et_pb_slider][\/et_pb_column][et_pb_column type=&#8221;3_5&#8243; _builder_version=&#8221;4.25.1&#8243; custom_padding=&#8221;10%||||false|false&#8221; global_colors_info=&#8221;{}&#8221; custom_padding__hover=&#8221;|||&#8221;][et_pb_blurb title=&#8221;28 anys al teu servei!&#8221; _builder_version=&#8221;4.25.1&#8243; _module_preset=&#8221;default&#8221; header_level=&#8221;h2&#8243; header_font=&#8221;Yeseva One||||||||&#8221; header_text_align=&#8221;center&#8221; header_text_color=&#8221;#FFFFFF&#8221; header_font_size=&#8221;50px&#8221; body_font=&#8221;Montserrat|600|||||||&#8221; body_text_color=&#8221;#FFFFFF&#8221; body_font_size=&#8221;18px&#8221; background_color=&#8221;rgba(0,0,0,0.6)&#8221; text_orientation=&#8221;center&#8221; background_layout=&#8221;dark&#8221; module_alignment=&#8221;center&#8221; custom_margin=&#8221;||||false|false&#8221; custom_padding=&#8221;5%|5%|5%|5%|false|false&#8221; header_text_shadow_style=&#8221;preset1&#8243; body_text_shadow_style=&#8221;preset1&#8243; border_radii=&#8221;on|10px|10px|10px|10px&#8221; box_shadow_style=&#8221;preset2&#8243; global_colors_info=&#8221;{}&#8221;]<\/p>\n<p style=\"text-align: center;\">Des de 1996, millorar la teva salut \u00e9s el nostre objectiu m\u00e9s gran.<\/p>\n<p style=\"text-align: center;\"><em>El nostre desig \u00e9s que et sentis b\u00e9!<\/em><\/p>\n<p>[\/et_pb_blurb][\/et_pb_column][\/et_pb_row][\/et_pb_section][et_pb_section fb_built=&#8221;1&#8243; _builder_version=&#8221;4.25.1&#8243; _module_preset=&#8221;default&#8221; global_colors_info=&#8221;{}&#8221;][et_pb_row _builder_version=&#8221;4.25.1&#8243; _module_preset=&#8221;default&#8221; global_colors_info=&#8221;{}&#8221;][et_pb_column type=&#8221;4_4&#8243; _builder_version=&#8221;4.25.1&#8243; _module_preset=&#8221;default&#8221; global_colors_info=&#8221;{}&#8221;][et_pb_heading title=&#8221;28 anys pensant en tu!&#8221; admin_label=&#8221;T\u00edtulo&#8221; _builder_version=&#8221;4.27.0&#8243; _module_preset=&#8221;default&#8221; title_level=&#8221;h2&#8243; title_font=&#8221;Yeseva One|800|||||||&#8221; title_text_align=&#8221;center&#8221; title_font_size=&#8221;40px&#8221; global_colors_info=&#8221;{}&#8221;][\/et_pb_heading][et_pb_text _builder_version=&#8221;4.27.0&#8243; _module_preset=&#8221;default&#8221; text_font_size=&#8221;18px&#8221; custom_css_free_form=&#8221;.et_pb_text_inner a {||  color: #08857E;||  font-weight: bold;  ||}&#8221; global_colors_info=&#8221;{}&#8221;]<\/p>\n<p>Adalan va n\u00e9ixer com a empresa familiar just fa vint-i-vuit anys, fruit del desig de fer arribar salut a trav\u00e9s del que la natura ens ofereix. Conscients de la necessitat de guarir i calmar el dolor d&#8217;una manera diferent, investiguem el potencial guaridor dels olis essencials i les propietats de les plantes que curen.<\/p>\n<p>D&#8217;aquest desig d&#8217;investigar van sorgir les f\u00f3rmules de les <a href=\"https:\/\/www.adalan.es\/tienda\/\" target=\"_blank\" rel=\"noopener\">nostres gelatines<\/a> per a massatge, elaborades amb olis essencials destinats a pal\u00b7liar diferents malalties, facilitant la vida de les persones que les utilitzen, aix\u00ed com incrementant-ne la capacitat de gaudir-ne. \u00c9s per aix\u00f2 que ens sentim orgullosos i satisfets de les nostres gelatines per a massatge, les quals considerem la base del nostre treball i dels qui som.<\/p>\n<p>Els nostres <a href=\"https:\/\/www.adalan.es\/tienda\/\" target=\"_blank\" rel=\"noopener\">Aromes i Olis<\/a> per al bany s\u00f3n tamb\u00e9 fruit dels nostres descobriments al m\u00f3n dels olis essencials. Investigant \u00e9s com trobem la capacitat que els olis tenen de ser efica\u00e7os a trav\u00e9s de l&#8217;olfacte, obrint-se tot un univers als nostres sentits.<\/p>\n<p>Vint anys despr\u00e9s, continuem investigant per millorar i fer-te arribar les propietats terap\u00e8utiques dels <a href=\"https:\/\/ca.wikipedia.org\/wiki\/Oli_essencial\">olis essencials<\/a>. Durant aquest temps donant a con\u00e8ixer els nostres productes per tot el territori, hem anat creant una solida xarxa de persones que confien en nosaltres volent que tu tamb\u00e9 en siguis una.<\/p>\n<p>[\/et_pb_text][et_pb_image src=&#8221;https:\/\/www.adalan.es\/wp-content\/uploads\/2015\/05\/Foto-quienes-somos-3.jpeg&#8221; alt=&#8221;Herbes penjades amb ganxos de roba en una corda&#8221; title_text=&#8221;Foto qui som 3&#8243; align=&#8221;center&#8221; _builder_version=&#8221;4.27.0&#8243; _module_preset=&#8221;default&#8221; global_colors_info=&#8221;{}&#8221;][\/et_pb_image][\/et_pb_column][\/et_pb_row][\/et_pb_section][et_pb_section fb_built=&#8221;1&#8243; _builder_version=&#8221;4.25.1&#8243; _module_preset=&#8221;default&#8221; background_color=&#8221;#035b8b&#8221; background_enable_image=&#8221;off&#8221; global_colors_info=&#8221;{}&#8221;][et_pb_row column_structure=&#8221;1_3,1_3,1_3&#8243; _builder_version=&#8221;4.25.1&#8243; _module_preset=&#8221;default&#8221; global_colors_info=&#8221;{}&#8221;][et_pb_column type=&#8221;1_3&#8243; _builder_version=&#8221;4.25.1&#8243; _module_preset=&#8221;default&#8221; global_colors_info=&#8221;{}&#8221;][et_pb_blurb title=&#8221;Respecte pel medi ambient&#8221; image=&#8221;https:\/\/www.adalan.es\/wp-content\/uploads\/2024\/05\/respect_nature-min.jpg&#8221; alt=&#8221;Foto Respecte pel medi ambient m\u00e0 sorgint de l&apos;aigua al capvespre&#8221; _builder_version=&#8221;4.27.0&#8243; _module_preset=&#8221;default&#8221; header_level=&#8221;h3&#8243; header_text_align=&#8221;center&#8221; header_font_size=&#8221;24px&#8221; text_orientation=&#8221;center&#8221; background_layout=&#8221;dark&#8221; max_width=&#8221;300px&#8221; custom_margin=&#8221;0px|auto|0px|auto|false|false&#8221; border_radii_image=&#8221;on|50%|50%|50%|50%&#8221; border_width_all_image=&#8221;12px&#8221; global_colors_info=&#8221;{}&#8221;][\/et_pb_blurb][\/et_pb_column][et_pb_column type=&#8221;1_3&#8243; _builder_version=&#8221;4.25.1&#8243; _module_preset=&#8221;default&#8221; global_colors_info=&#8221;{}&#8221;][et_pb_blurb title=&#8221;Confian\u00e7a&#8221; image=&#8221;https:\/\/www.adalan.es\/wp-content\/uploads\/2024\/05\/trust-min.jpg&#8221; alt=&#8221;Foto confian\u00e7a mans entrella\u00e7ades &#8221; _builder_version=&#8221;4.27.0&#8243; _module_preset=&#8221;default&#8221; header_level=&#8221;h3&#8243; header_text_align=&#8221;center&#8221; header_font_size=&#8221;24px&#8221; text_orientation=&#8221;center&#8221; background_layout=&#8221;dark&#8221; max_width=&#8221;300px&#8221; custom_margin=&#8221;0px|auto|0px|auto|false|false&#8221; border_radii_image=&#8221;on|50%|50%|50%|50%&#8221; border_width_all_image=&#8221;12px&#8221; global_colors_info=&#8221;{}&#8221;][\/et_pb_blurb][\/et_pb_column][et_pb_column type=&#8221;1_3&#8243; _builder_version=&#8221;4.25.1&#8243; _module_preset=&#8221;default&#8221; global_colors_info=&#8221;{}&#8221;][et_pb_blurb title=&#8221;Servei&#8221; image=&#8221;https:\/\/www.adalan.es\/wp-content\/uploads\/2024\/05\/service-min.jpg&#8221; alt=&#8221;Foto servei amb mans aplicant gel&#8221; _builder_version=&#8221;4.27.0&#8243; _module_preset=&#8221;default&#8221; header_level=&#8221;h3&#8243; header_text_align=&#8221;center&#8221; header_font_size=&#8221;24px&#8221; text_orientation=&#8221;center&#8221; background_layout=&#8221;dark&#8221; max_width=&#8221;300px&#8221; custom_margin=&#8221;0px|auto|0px|auto|false|false&#8221; border_radii_image=&#8221;on|50%|50%|50%|50%&#8221; border_width_all_image=&#8221;12px&#8221; global_colors_info=&#8221;{}&#8221;][\/et_pb_blurb][\/et_pb_column][\/et_pb_row][\/et_pb_section][et_pb_section fb_built=&#8221;1&#8243; admin_label=&#8221;kit-digital&#8221; module_class=&#8221;kit-digital&#8221; _builder_version=&#8221;4.25.1&#8243; _module_preset=&#8221;default&#8221; custom_margin=&#8221;0px||0px||false|false&#8221; custom_padding=&#8221;0px||0px||false|false&#8221; global_colors_info=&#8221;{}&#8221;][et_pb_row column_structure=&#8221;1_5,1_5,1_5,1_5,1_5&#8243; _builder_version=&#8221;4.25.1&#8243; _module_preset=&#8221;default&#8221; global_colors_info=&#8221;{}&#8221;][et_pb_column type=&#8221;1_5&#8243; _builder_version=&#8221;4.25.1&#8243; _module_preset=&#8221;default&#8221; global_colors_info=&#8221;{}&#8221;][et_pb_image src=&#8221;https:\/\/www.adalan.es\/wp-content\/uploads\/2024\/05\/LogoNextGen.png&#8221; title_text=&#8221;LogoNextGen&#8221; admin_label=&#8221;Imagen&#8221; _builder_version=&#8221;4.25.1&#8243; _module_preset=&#8221;default&#8221; module_alignment=&#8221;center&#8221; global_colors_info=&#8221;{}&#8221;][\/et_pb_image][\/et_pb_column][et_pb_column type=&#8221;1_5&#8243; _builder_version=&#8221;4.25.1&#8243; _module_preset=&#8221;default&#8221; global_colors_info=&#8221;{}&#8221;][et_pb_image src=&#8221;https:\/\/www.adalan.es\/wp-content\/uploads\/2024\/05\/logoGobEspana.png&#8221; title_text=&#8221;logoGobEspana&#8221; align=&#8221;center&#8221; force_fullwidth=&#8221;on&#8221; _builder_version=&#8221;4.25.1&#8243; _module_preset=&#8221;default&#8221; custom_padding=&#8221;5px||||false|false&#8221; global_colors_info=&#8221;{}&#8221;][\/et_pb_image][\/et_pb_column][et_pb_column type=&#8221;1_5&#8243; _builder_version=&#8221;4.25.1&#8243; _module_preset=&#8221;default&#8221; global_colors_info=&#8221;{}&#8221;][et_pb_image src=&#8221;https:\/\/www.adalan.es\/wp-content\/uploads\/2024\/05\/LogoRedes.png&#8221; title_text=&#8221;LogoRedes&#8221; _builder_version=&#8221;4.25.1&#8243; _module_preset=&#8221;default&#8221; width=&#8221;55%&#8221; module_alignment=&#8221;center&#8221; custom_margin=&#8221;|||20px|false|false&#8221; global_colors_info=&#8221;{}&#8221;][\/et_pb_image][\/et_pb_column][et_pb_column type=&#8221;1_5&#8243; _builder_version=&#8221;4.25.1&#8243; _module_preset=&#8221;default&#8221; global_colors_info=&#8221;{}&#8221;][et_pb_image src=&#8221;https:\/\/www.adalan.es\/wp-content\/uploads\/2024\/05\/LOGOPOSITIVO.png&#8221; title_text=&#8221;LOGOPOSITIVO&#8221; _builder_version=&#8221;4.25.1&#8243; _module_preset=&#8221;default&#8221; width=&#8221;55%&#8221; module_alignment=&#8221;center&#8221; global_colors_info=&#8221;{}&#8221;][\/et_pb_image][\/et_pb_column][et_pb_column type=&#8221;1_5&#8243; _builder_version=&#8221;4.25.1&#8243; _module_preset=&#8221;default&#8221; global_colors_info=&#8221;{}&#8221;][et_pb_image src=&#8221;https:\/\/www.adalan.es\/wp-content\/uploads\/2024\/05\/logoKitDigital.png&#8221; title_text=&#8221;logoKitDigital&#8221; _builder_version=&#8221;4.25.1&#8243; _module_preset=&#8221;default&#8221; width=&#8221;55%&#8221; module_alignment=&#8221;center&#8221; custom_padding=&#8221;10px||||false|false&#8221; global_colors_info=&#8221;{}&#8221;][\/et_pb_image][\/et_pb_column][\/et_pb_row][\/et_pb_section]<\/p>\n","protected":false},"excerpt":{"rendered":"<p>qui som&#8230; El teu company de recuperaci\u00f3A la nostra nova botiga online \u2013 Per compres superiors a 40\u20ac, rep l&#8217;obsequi d&#8217;una de les nostres gelatines de 50ml. Ideal per portar a sobre. Adalan Sponsor del Trailrun\u2013 Donem suport a esdeveniments esportiusDes de 1996, millorar la teva salut \u00e9s el nostre objectiu m\u00e9s gran. El nostre [&hellip;]<\/p>\n","protected":false},"author":1,"featured_media":0,"parent":0,"menu_order":0,"comment_status":"closed","ping_status":"closed","template":"","meta":{"_et_pb_use_builder":"on","_et_pb_old_content":"","_et_gb_content_width":"","footnotes":""},"class_list":["post-2095","page","type-page","status-publish","hentry"],"yoast_head":"<!-- This site is optimized with the Yoast SEO plugin v24.1 - https:\/\/yoast.com\/wordpress\/plugins\/seo\/ -->\n<title>Qui som - adalan<\/title>\n<meta name=\"description\" content=\"Qui som: Al teu servei des de 1996, millorar la teva salut \u00e9s el nostre objectiu m\u00e9s gran. Adalan va n\u00e9ixer com a empresa familiar just fa vint-i-vuit anys.\" \/>\n<meta name=\"robots\" content=\"index, follow, max-snippet:-1, max-image-preview:large, max-video-preview:-1\" \/>\n<link rel=\"canonical\" href=\"https:\/\/www.adalan.es\/ca\/qui-som\/\" \/>\n<meta property=\"og:locale\" content=\"ca_ES\" \/>\n<meta property=\"og:type\" content=\"article\" \/>\n<meta property=\"og:title\" content=\"Qui som - adalan\" \/>\n<meta property=\"og:description\" content=\"Qui som: Al teu servei des de 1996, millorar la teva salut \u00e9s el nostre objectiu m\u00e9s gran. Adalan va n\u00e9ixer com a empresa familiar just fa vint-i-vuit anys.\" \/>\n<meta property=\"og:url\" content=\"https:\/\/www.adalan.es\/ca\/qui-som\/\" \/>\n<meta property=\"og:site_name\" content=\"adalan\" \/>\n<meta property=\"article:publisher\" content=\"https:\/\/www.facebook.com\/people\/Adalan-Mn-de-Natura\/100069212570246\/\" \/>\n<meta property=\"article:modified_time\" content=\"2024-10-30T19:45:02+00:00\" \/>\n<meta name=\"twitter:card\" content=\"summary_large_image\" \/>\n<meta name=\"twitter:label1\" content=\"Temps estimat de lectura\" \/>\n\t<meta name=\"twitter:data1\" content=\"8 minuts\" \/>\n<script type=\"application\/ld+json\" class=\"yoast-schema-graph\">{\"@context\":\"https:\/\/schema.org\",\"@graph\":[{\"@type\":\"WebPage\",\"@id\":\"https:\/\/www.adalan.es\/ca\/qui-som\/\",\"url\":\"https:\/\/www.adalan.es\/ca\/qui-som\/\",\"name\":\"Qui som - adalan\",\"isPartOf\":{\"@id\":\"https:\/\/www.adalan.es\/ca\/#website\"},\"datePublished\":\"2024-05-21T12:04:55+00:00\",\"dateModified\":\"2024-10-30T19:45:02+00:00\",\"description\":\"Qui som: Al teu servei des de 1996, millorar la teva salut \u00e9s el nostre objectiu m\u00e9s gran. Adalan va n\u00e9ixer com a empresa familiar just fa vint-i-vuit anys.\",\"breadcrumb\":{\"@id\":\"https:\/\/www.adalan.es\/ca\/qui-som\/#breadcrumb\"},\"inLanguage\":\"ca\",\"potentialAction\":[{\"@type\":\"ReadAction\",\"target\":[\"https:\/\/www.adalan.es\/ca\/qui-som\/\"]}]},{\"@type\":\"BreadcrumbList\",\"@id\":\"https:\/\/www.adalan.es\/ca\/qui-som\/#breadcrumb\",\"itemListElement\":[{\"@type\":\"ListItem\",\"position\":1,\"name\":\"Portada\",\"item\":\"https:\/\/www.adalan.es\/ca\/\"},{\"@type\":\"ListItem\",\"position\":2,\"name\":\"Qui som\"}]},{\"@type\":\"WebSite\",\"@id\":\"https:\/\/www.adalan.es\/ca\/#website\",\"url\":\"https:\/\/www.adalan.es\/ca\/\",\"name\":\"adalan\",\"description\":\"Salud y belleza natulares\",\"publisher\":{\"@id\":\"https:\/\/www.adalan.es\/ca\/#organization\"},\"potentialAction\":[{\"@type\":\"SearchAction\",\"target\":{\"@type\":\"EntryPoint\",\"urlTemplate\":\"https:\/\/www.adalan.es\/ca\/?s={search_term_string}\"},\"query-input\":{\"@type\":\"PropertyValueSpecification\",\"valueRequired\":true,\"valueName\":\"search_term_string\"}}],\"inLanguage\":\"ca\"},{\"@type\":\"Organization\",\"@id\":\"https:\/\/www.adalan.es\/ca\/#organization\",\"name\":\"adalan\",\"url\":\"https:\/\/www.adalan.es\/ca\/\",\"logo\":{\"@type\":\"ImageObject\",\"inLanguage\":\"ca\",\"@id\":\"https:\/\/www.adalan.es\/ca\/#\/schema\/logo\/image\/\",\"url\":\"https:\/\/www.adalan.es\/wp-content\/uploads\/2015\/04\/logo.jpg\",\"contentUrl\":\"https:\/\/www.adalan.es\/wp-content\/uploads\/2015\/04\/logo.jpg\",\"width\":300,\"height\":83,\"caption\":\"adalan\"},\"image\":{\"@id\":\"https:\/\/www.adalan.es\/ca\/#\/schema\/logo\/image\/\"},\"sameAs\":[\"https:\/\/www.facebook.com\/people\/Adalan-Mn-de-Natura\/100069212570246\/\",\"https:\/\/www.instagram.com\/adalanmondenatura_\/\"]}]}<\/script>\n<!-- \/ Yoast SEO plugin. -->","yoast_head_json":{"title":"Qui som - adalan","description":"Qui som: Al teu servei des de 1996, millorar la teva salut \u00e9s el nostre objectiu m\u00e9s gran. Adalan va n\u00e9ixer com a empresa familiar just fa vint-i-vuit anys.","robots":{"index":"index","follow":"follow","max-snippet":"max-snippet:-1","max-image-preview":"max-image-preview:large","max-video-preview":"max-video-preview:-1"},"canonical":"https:\/\/www.adalan.es\/ca\/qui-som\/","og_locale":"ca_ES","og_type":"article","og_title":"Qui som - adalan","og_description":"Qui som: Al teu servei des de 1996, millorar la teva salut \u00e9s el nostre objectiu m\u00e9s gran. Adalan va n\u00e9ixer com a empresa familiar just fa vint-i-vuit anys.","og_url":"https:\/\/www.adalan.es\/ca\/qui-som\/","og_site_name":"adalan","article_publisher":"https:\/\/www.facebook.com\/people\/Adalan-Mn-de-Natura\/100069212570246\/","article_modified_time":"2024-10-30T19:45:02+00:00","twitter_card":"summary_large_image","twitter_misc":{"Temps estimat de lectura":"8 minuts"},"schema":{"@context":"https:\/\/schema.org","@graph":[{"@type":"WebPage","@id":"https:\/\/www.adalan.es\/ca\/qui-som\/","url":"https:\/\/www.adalan.es\/ca\/qui-som\/","name":"Qui som - adalan","isPartOf":{"@id":"https:\/\/www.adalan.es\/ca\/#website"},"datePublished":"2024-05-21T12:04:55+00:00","dateModified":"2024-10-30T19:45:02+00:00","description":"Qui som: Al teu servei des de 1996, millorar la teva salut \u00e9s el nostre objectiu m\u00e9s gran. Adalan va n\u00e9ixer com a empresa familiar just fa vint-i-vuit anys.","breadcrumb":{"@id":"https:\/\/www.adalan.es\/ca\/qui-som\/#breadcrumb"},"inLanguage":"ca","potentialAction":[{"@type":"ReadAction","target":["https:\/\/www.adalan.es\/ca\/qui-som\/"]}]},{"@type":"BreadcrumbList","@id":"https:\/\/www.adalan.es\/ca\/qui-som\/#breadcrumb","itemListElement":[{"@type":"ListItem","position":1,"name":"Portada","item":"https:\/\/www.adalan.es\/ca\/"},{"@type":"ListItem","position":2,"name":"Qui som"}]},{"@type":"WebSite","@id":"https:\/\/www.adalan.es\/ca\/#website","url":"https:\/\/www.adalan.es\/ca\/","name":"adalan","description":"Salud y belleza natulares","publisher":{"@id":"https:\/\/www.adalan.es\/ca\/#organization"},"potentialAction":[{"@type":"SearchAction","target":{"@type":"EntryPoint","urlTemplate":"https:\/\/www.adalan.es\/ca\/?s={search_term_string}"},"query-input":{"@type":"PropertyValueSpecification","valueRequired":true,"valueName":"search_term_string"}}],"inLanguage":"ca"},{"@type":"Organization","@id":"https:\/\/www.adalan.es\/ca\/#organization","name":"adalan","url":"https:\/\/www.adalan.es\/ca\/","logo":{"@type":"ImageObject","inLanguage":"ca","@id":"https:\/\/www.adalan.es\/ca\/#\/schema\/logo\/image\/","url":"https:\/\/www.adalan.es\/wp-content\/uploads\/2015\/04\/logo.jpg","contentUrl":"https:\/\/www.adalan.es\/wp-content\/uploads\/2015\/04\/logo.jpg","width":300,"height":83,"caption":"adalan"},"image":{"@id":"https:\/\/www.adalan.es\/ca\/#\/schema\/logo\/image\/"},"sameAs":["https:\/\/www.facebook.com\/people\/Adalan-Mn-de-Natura\/100069212570246\/","https:\/\/www.instagram.com\/adalanmondenatura_\/"]}]}},"_links":{"self":[{"href":"https:\/\/www.adalan.es\/ca\/wp-json\/wp\/v2\/pages\/2095","targetHints":{"allow":["GET"]}}],"collection":[{"href":"https:\/\/www.adalan.es\/ca\/wp-json\/wp\/v2\/pages"}],"about":[{"href":"https:\/\/www.adalan.es\/ca\/wp-json\/wp\/v2\/types\/page"}],"author":[{"embeddable":true,"href":"https:\/\/www.adalan.es\/ca\/wp-json\/wp\/v2\/users\/1"}],"replies":[{"embeddable":true,"href":"https:\/\/www.adalan.es\/ca\/wp-json\/wp\/v2\/comments?post=2095"}],"version-history":[{"count":32,"href":"https:\/\/www.adalan.es\/ca\/wp-json\/wp\/v2\/pages\/2095\/revisions"}],"predecessor-version":[{"id":4291,"href":"https:\/\/www.adalan.es\/ca\/wp-json\/wp\/v2\/pages\/2095\/revisions\/4291"}],"wp:attachment":[{"href":"https:\/\/www.adalan.es\/ca\/wp-json\/wp\/v2\/media?parent=2095"}],"curies":[{"name":"wp","href":"https:\/\/api.w.org\/{rel}","templated":true}]}}