{"id":2702,"date":"2024-05-23T17:31:28","date_gmt":"2024-05-23T17:31:28","guid":{"rendered":"https:\/\/www.adalan.es\/return-and-refund-policy\/"},"modified":"2024-09-23T14:50:09","modified_gmt":"2024-09-23T14:50:09","slug":"politica-de-devolucions-i-reemborsament","status":"publish","type":"page","link":"https:\/\/www.adalan.es\/ca\/politica-de-devolucions-i-reemborsament\/","title":{"rendered":"Pol\u00edtica de devolucions i reemborsament"},"content":{"rendered":"<p>[et_pb_section fb_built=&#8221;1&#8243; _builder_version=&#8221;4.16&#8243; global_colors_info=&#8221;{}&#8221;][et_pb_row _builder_version=&#8221;4.16&#8243; background_size=&#8221;initial&#8221; background_position=&#8221;top_left&#8221; background_repeat=&#8221;repeat&#8221; global_colors_info=&#8221;{}&#8221;][et_pb_column type=&#8221;4_4&#8243; _builder_version=&#8221;4.16&#8243; custom_padding=&#8221;|||&#8221; global_colors_info=&#8221;{}&#8221; custom_padding__hover=&#8221;|||&#8221;][et_pb_text _builder_version=&#8221;4.27.0&#8243; background_size=&#8221;initial&#8221; background_position=&#8221;top_left&#8221; background_repeat=&#8221;repeat&#8221; hover_enabled=&#8221;0&#8243; global_colors_info=&#8221;{}&#8221; sticky_enabled=&#8221;0&#8243;]<\/p>\n<div id=\"shopify-section-template--22704871145793__main\" class=\"shopify-section\">\n<article class=\"site-page\" data-template-page=\"\">\n<header class=\"page-masthead\">\n<h1 class=\"page-title\">Pol\u00edtica de devoluci\u00f3 i reemborsament<\/h1>\n<\/header>\n<div class=\"page-content rte\">\n<p>Devolucions<\/p>\n<p>100% garantia de satisfacci\u00f3. Ens comprometem a oferir els est\u00e0ndards m\u00e9s alts i la vostra satisfacci\u00f3 \u00e9s la nostra prioritat. Per aix\u00f2 nom\u00e9s oferim productes de qualitat amb ingredients de qualitat. Tanmateix, si no esteu satisfet amb la qualitat dels nostres productes, no dubteu a contactar amb nosaltres. Sempre estem aqu\u00ed per ajudar-te de qualsevol manera possible.<\/p>\n<p>Despr\u00e9s de contactar amb nosaltres, se li proporcionar\u00e0 un n\u00famero de devoluci\u00f3 autoritzat. Teniu fins a 30 dies per fer la vostra devoluci\u00f3. Si han passat 30 dies des de la vostra compra, malauradament no us podem oferir un reemborsament o canvi.<\/p>\n<p>Per ser elegible per a una devoluci\u00f3, el vostre article ha d&#8217;estar sense utilitzar i en les mateixes condicions en qu\u00e8 el vau rebre. Tamb\u00e9 ha d&#8217;estar en l&#8217;embalatge original.<\/p>\n<p>Per completar la devoluci\u00f3, necessitem un rebut o un comprovant de compra.<\/p>\n<p>No es pot retornar cap article que no estigui en el seu estat original, estigui danyat o li faltin peces per motius diferents del nostre error.<\/p>\n<p>Reemborsaments (si escau)<br \/>Un cop rebuda i inspeccionada la vostra devoluci\u00f3, us notificarem que hem rebut l&#8217;article retornat. Tamb\u00e9 us notificarem l&#8217;aprovaci\u00f3 o el rebuig del vostre reemborsament i\/o cr\u00e8dit si ho desitja. Si s&#8217;aprova, el reemborsament es processar\u00e0 i s&#8217;aplicar\u00e0 autom\u00e0ticament un cr\u00e8dit a la targeta de cr\u00e8dit o al m\u00e8tode de pagament original, en un nombre determinat de dies.<\/p>\n<p>Reemborsaments tardans o que falten (si escau)<br \/>Si encara no heu rebut cap reembossament, primer torneu a comprovar el vostre compte bancari. A continuaci\u00f3, poseu-vos en contacte amb l&#8217;empresa de la vostra targeta de cr\u00e8dit; Pot passar un temps abans que el reemborsament es publiqui oficialment.<br \/>A continuaci\u00f3, poseu-vos en contacte amb el vostre banc. Sovint hi ha un temps de processament abans d&#8217;emetre un reemborsament.<br \/>Si heu fet tot aix\u00f2 i encara no heu rebut el reemborsament, poseu-vos en contacte amb nosaltres<\/p>\n<p>Transport<br \/>Ser\u00e0s responsable de pagar les teves pr\u00f2pies despeses d&#8217;enviament per retornar el teu article. Les despeses d&#8217;enviament no s\u00f3n reemborsables. Si rebeu un reemborsament, el cost de l&#8217;enviament de devoluci\u00f3 es descomptar\u00e0 del vostre reemborsament.<\/p>\n<p>Si esteu enviant un article superior a 100 \u20ac, haur\u00edeu de considerar utilitzar un servei d&#8217;enviament amb seguiment o comprar una asseguran\u00e7a d&#8217;enviament. No garantim que rebem el vostre article retornat.<\/p>\n<\/div>\n<\/article>\n<\/div>\n<p>[\/et_pb_text][\/et_pb_column][\/et_pb_row][\/et_pb_section]<\/p>\n","protected":false},"excerpt":{"rendered":"<p>Pol\u00edtica de devoluci\u00f3 i reemborsament Devolucions 100% garantia de satisfacci\u00f3. Ens comprometem a oferir els est\u00e0ndards m\u00e9s alts i la vostra satisfacci\u00f3 \u00e9s la nostra prioritat. Per aix\u00f2 nom\u00e9s oferim productes de qualitat amb ingredients de qualitat. Tanmateix, si no esteu satisfet amb la qualitat dels nostres productes, no dubteu a contactar amb nosaltres. Sempre [&hellip;]<\/p>\n","protected":false},"author":1,"featured_media":0,"parent":0,"menu_order":0,"comment_status":"closed","ping_status":"closed","template":"","meta":{"_et_pb_use_builder":"on","_et_pb_old_content":"","_et_gb_content_width":"","footnotes":""},"class_list":["post-2702","page","type-page","status-publish","hentry"],"yoast_head":"<!-- This site is optimized with the Yoast SEO plugin v24.1 - https:\/\/yoast.com\/wordpress\/plugins\/seo\/ -->\n<title>Pol\u00edtica de devolucions i reemborsament - adalan<\/title>\n<meta name=\"robots\" content=\"index, follow, max-snippet:-1, max-image-preview:large, max-video-preview:-1\" \/>\n<link rel=\"canonical\" href=\"https:\/\/www.adalan.es\/ca\/politica-de-devolucions-i-reemborsament\/\" \/>\n<meta property=\"og:locale\" content=\"ca_ES\" \/>\n<meta property=\"og:type\" content=\"article\" \/>\n<meta property=\"og:title\" content=\"Pol\u00edtica de devolucions i reemborsament - adalan\" \/>\n<meta property=\"og:description\" content=\"Pol\u00edtica de devoluci\u00f3 i reemborsament Devolucions 100% garantia de satisfacci\u00f3. Ens comprometem a oferir els est\u00e0ndards m\u00e9s alts i la vostra satisfacci\u00f3 \u00e9s la nostra prioritat. Per aix\u00f2 nom\u00e9s oferim productes de qualitat amb ingredients de qualitat. Tanmateix, si no esteu satisfet amb la qualitat dels nostres productes, no dubteu a contactar amb nosaltres. Sempre [&hellip;]\" \/>\n<meta property=\"og:url\" content=\"https:\/\/www.adalan.es\/ca\/politica-de-devolucions-i-reemborsament\/\" \/>\n<meta property=\"og:site_name\" content=\"adalan\" \/>\n<meta property=\"article:publisher\" content=\"https:\/\/www.facebook.com\/people\/Adalan-Mn-de-Natura\/100069212570246\/\" \/>\n<meta property=\"article:modified_time\" content=\"2024-09-23T14:50:09+00:00\" \/>\n<meta name=\"twitter:card\" content=\"summary_large_image\" \/>\n<meta name=\"twitter:label1\" content=\"Temps estimat de lectura\" \/>\n\t<meta name=\"twitter:data1\" content=\"2 minuts\" \/>\n<script type=\"application\/ld+json\" class=\"yoast-schema-graph\">{\"@context\":\"https:\/\/schema.org\",\"@graph\":[{\"@type\":\"WebPage\",\"@id\":\"https:\/\/www.adalan.es\/ca\/politica-de-devolucions-i-reemborsament\/\",\"url\":\"https:\/\/www.adalan.es\/ca\/politica-de-devolucions-i-reemborsament\/\",\"name\":\"Pol\u00edtica de devolucions i reemborsament - adalan\",\"isPartOf\":{\"@id\":\"https:\/\/www.adalan.es\/ca\/#website\"},\"datePublished\":\"2024-05-23T17:31:28+00:00\",\"dateModified\":\"2024-09-23T14:50:09+00:00\",\"breadcrumb\":{\"@id\":\"https:\/\/www.adalan.es\/ca\/politica-de-devolucions-i-reemborsament\/#breadcrumb\"},\"inLanguage\":\"ca\",\"potentialAction\":[{\"@type\":\"ReadAction\",\"target\":[\"https:\/\/www.adalan.es\/ca\/politica-de-devolucions-i-reemborsament\/\"]}]},{\"@type\":\"BreadcrumbList\",\"@id\":\"https:\/\/www.adalan.es\/ca\/politica-de-devolucions-i-reemborsament\/#breadcrumb\",\"itemListElement\":[{\"@type\":\"ListItem\",\"position\":1,\"name\":\"Portada\",\"item\":\"https:\/\/www.adalan.es\/ca\/\"},{\"@type\":\"ListItem\",\"position\":2,\"name\":\"Pol\u00edtica de devolucions i reemborsament\"}]},{\"@type\":\"WebSite\",\"@id\":\"https:\/\/www.adalan.es\/ca\/#website\",\"url\":\"https:\/\/www.adalan.es\/ca\/\",\"name\":\"adalan\",\"description\":\"Salud y belleza natulares\",\"publisher\":{\"@id\":\"https:\/\/www.adalan.es\/ca\/#organization\"},\"potentialAction\":[{\"@type\":\"SearchAction\",\"target\":{\"@type\":\"EntryPoint\",\"urlTemplate\":\"https:\/\/www.adalan.es\/ca\/?s={search_term_string}\"},\"query-input\":{\"@type\":\"PropertyValueSpecification\",\"valueRequired\":true,\"valueName\":\"search_term_string\"}}],\"inLanguage\":\"ca\"},{\"@type\":\"Organization\",\"@id\":\"https:\/\/www.adalan.es\/ca\/#organization\",\"name\":\"adalan\",\"url\":\"https:\/\/www.adalan.es\/ca\/\",\"logo\":{\"@type\":\"ImageObject\",\"inLanguage\":\"ca\",\"@id\":\"https:\/\/www.adalan.es\/ca\/#\/schema\/logo\/image\/\",\"url\":\"https:\/\/www.adalan.es\/wp-content\/uploads\/2015\/04\/logo.jpg\",\"contentUrl\":\"https:\/\/www.adalan.es\/wp-content\/uploads\/2015\/04\/logo.jpg\",\"width\":300,\"height\":83,\"caption\":\"adalan\"},\"image\":{\"@id\":\"https:\/\/www.adalan.es\/ca\/#\/schema\/logo\/image\/\"},\"sameAs\":[\"https:\/\/www.facebook.com\/people\/Adalan-Mn-de-Natura\/100069212570246\/\",\"https:\/\/www.instagram.com\/adalanmondenatura_\/\"]}]}<\/script>\n<!-- \/ Yoast SEO plugin. -->","yoast_head_json":{"title":"Pol\u00edtica de devolucions i reemborsament - adalan","robots":{"index":"index","follow":"follow","max-snippet":"max-snippet:-1","max-image-preview":"max-image-preview:large","max-video-preview":"max-video-preview:-1"},"canonical":"https:\/\/www.adalan.es\/ca\/politica-de-devolucions-i-reemborsament\/","og_locale":"ca_ES","og_type":"article","og_title":"Pol\u00edtica de devolucions i reemborsament - adalan","og_description":"Pol\u00edtica de devoluci\u00f3 i reemborsament Devolucions 100% garantia de satisfacci\u00f3. Ens comprometem a oferir els est\u00e0ndards m\u00e9s alts i la vostra satisfacci\u00f3 \u00e9s la nostra prioritat. Per aix\u00f2 nom\u00e9s oferim productes de qualitat amb ingredients de qualitat. Tanmateix, si no esteu satisfet amb la qualitat dels nostres productes, no dubteu a contactar amb nosaltres. Sempre [&hellip;]","og_url":"https:\/\/www.adalan.es\/ca\/politica-de-devolucions-i-reemborsament\/","og_site_name":"adalan","article_publisher":"https:\/\/www.facebook.com\/people\/Adalan-Mn-de-Natura\/100069212570246\/","article_modified_time":"2024-09-23T14:50:09+00:00","twitter_card":"summary_large_image","twitter_misc":{"Temps estimat de lectura":"2 minuts"},"schema":{"@context":"https:\/\/schema.org","@graph":[{"@type":"WebPage","@id":"https:\/\/www.adalan.es\/ca\/politica-de-devolucions-i-reemborsament\/","url":"https:\/\/www.adalan.es\/ca\/politica-de-devolucions-i-reemborsament\/","name":"Pol\u00edtica de devolucions i reemborsament - adalan","isPartOf":{"@id":"https:\/\/www.adalan.es\/ca\/#website"},"datePublished":"2024-05-23T17:31:28+00:00","dateModified":"2024-09-23T14:50:09+00:00","breadcrumb":{"@id":"https:\/\/www.adalan.es\/ca\/politica-de-devolucions-i-reemborsament\/#breadcrumb"},"inLanguage":"ca","potentialAction":[{"@type":"ReadAction","target":["https:\/\/www.adalan.es\/ca\/politica-de-devolucions-i-reemborsament\/"]}]},{"@type":"BreadcrumbList","@id":"https:\/\/www.adalan.es\/ca\/politica-de-devolucions-i-reemborsament\/#breadcrumb","itemListElement":[{"@type":"ListItem","position":1,"name":"Portada","item":"https:\/\/www.adalan.es\/ca\/"},{"@type":"ListItem","position":2,"name":"Pol\u00edtica de devolucions i reemborsament"}]},{"@type":"WebSite","@id":"https:\/\/www.adalan.es\/ca\/#website","url":"https:\/\/www.adalan.es\/ca\/","name":"adalan","description":"Salud y belleza natulares","publisher":{"@id":"https:\/\/www.adalan.es\/ca\/#organization"},"potentialAction":[{"@type":"SearchAction","target":{"@type":"EntryPoint","urlTemplate":"https:\/\/www.adalan.es\/ca\/?s={search_term_string}"},"query-input":{"@type":"PropertyValueSpecification","valueRequired":true,"valueName":"search_term_string"}}],"inLanguage":"ca"},{"@type":"Organization","@id":"https:\/\/www.adalan.es\/ca\/#organization","name":"adalan","url":"https:\/\/www.adalan.es\/ca\/","logo":{"@type":"ImageObject","inLanguage":"ca","@id":"https:\/\/www.adalan.es\/ca\/#\/schema\/logo\/image\/","url":"https:\/\/www.adalan.es\/wp-content\/uploads\/2015\/04\/logo.jpg","contentUrl":"https:\/\/www.adalan.es\/wp-content\/uploads\/2015\/04\/logo.jpg","width":300,"height":83,"caption":"adalan"},"image":{"@id":"https:\/\/www.adalan.es\/ca\/#\/schema\/logo\/image\/"},"sameAs":["https:\/\/www.facebook.com\/people\/Adalan-Mn-de-Natura\/100069212570246\/","https:\/\/www.instagram.com\/adalanmondenatura_\/"]}]}},"_links":{"self":[{"href":"https:\/\/www.adalan.es\/ca\/wp-json\/wp\/v2\/pages\/2702","targetHints":{"allow":["GET"]}}],"collection":[{"href":"https:\/\/www.adalan.es\/ca\/wp-json\/wp\/v2\/pages"}],"about":[{"href":"https:\/\/www.adalan.es\/ca\/wp-json\/wp\/v2\/types\/page"}],"author":[{"embeddable":true,"href":"https:\/\/www.adalan.es\/ca\/wp-json\/wp\/v2\/users\/1"}],"replies":[{"embeddable":true,"href":"https:\/\/www.adalan.es\/ca\/wp-json\/wp\/v2\/comments?post=2702"}],"version-history":[{"count":7,"href":"https:\/\/www.adalan.es\/ca\/wp-json\/wp\/v2\/pages\/2702\/revisions"}],"predecessor-version":[{"id":3659,"href":"https:\/\/www.adalan.es\/ca\/wp-json\/wp\/v2\/pages\/2702\/revisions\/3659"}],"wp:attachment":[{"href":"https:\/\/www.adalan.es\/ca\/wp-json\/wp\/v2\/media?parent=2702"}],"curies":[{"name":"wp","href":"https:\/\/api.w.org\/{rel}","templated":true}]}}