{"id":2711,"date":"2024-05-24T08:58:53","date_gmt":"2024-05-24T08:58:53","guid":{"rendered":"https:\/\/www.adalan.es\/avis-legal\/"},"modified":"2024-10-16T12:08:28","modified_gmt":"2024-10-16T12:08:28","slug":"avis-legal","status":"publish","type":"page","link":"https:\/\/www.adalan.es\/ca\/avis-legal\/","title":{"rendered":"Av\u00eds Legal"},"content":{"rendered":"<p>[et_pb_section fb_built=&#8221;1&#8243; _builder_version=&#8221;4.16&#8243; global_colors_info=&#8221;{}&#8221;][et_pb_row _builder_version=&#8221;4.16&#8243; background_size=&#8221;initial&#8221; background_position=&#8221;top_left&#8221; background_repeat=&#8221;repeat&#8221; global_colors_info=&#8221;{}&#8221;][et_pb_column type=&#8221;4_4&#8243; _builder_version=&#8221;4.16&#8243; custom_padding=&#8221;|||&#8221; global_colors_info=&#8221;{}&#8221; custom_padding__hover=&#8221;|||&#8221;][et_pb_text _builder_version=&#8221;4.27.0&#8243; background_size=&#8221;initial&#8221; background_position=&#8221;top_left&#8221; background_repeat=&#8221;repeat&#8221; hover_enabled=&#8221;0&#8243; custom_css_free_form=&#8221;a {||  color: #08857E;||  font-weight: bold;||}&#8221; global_colors_info=&#8221;{}&#8221; sticky_enabled=&#8221;0&#8243;]<\/p>\n<h1>Av\u00eds Legal<\/h1>\n<h2>1.- AV\u00cdS LEGAL SOBRE DADES IDENTIFICATIVES.<\/h2>\n<p>En compliment de l&#8217;article 10 de la Llei 34\/2002, de l&#8217;11 de juliol, de serveis de la Societat de la Informaci\u00f3 i Comer\u00e7 Electr\u00f2nic (LSSICE) s&#8217;exposen a continuaci\u00f3 les dades identificatives de l&#8217;empresa com a part essencial d&#8217;aquest av\u00eds legal:<\/p>\n<p>ADALAN M\u00d3N DE NATURA, S.L. (d&#8217;ara endavant l&#8217;entitat), \u00e9s el titular del portal, amb domicili social al Carrer Font Vella n\u00fam. 45, (43746), La Serra Dalmos 43746 Tivissa, Tarragona(Catalunya), ES i amb CIF: B62098983 i inscrita al Registre Mercantil de Barcelon al tom 32152, foli 0127, full n\u00famero 208592.<\/p>\n<p>Nom de domini: www.adalan.es<\/p>\n<p>Adre\u00e7a de correu electr\u00f2nic: info@adalan.es<\/p>\n<p>Tel\u00e8fon: 619 82 93 00<\/p>\n<p>Fax: 619 82 93 00<\/p>\n<p>&nbsp;<\/p>\n<h2>2.-OBJECTE, USUARIS I \u00daS DEL PORTAL.<\/h2>\n<p>Aquest Av\u00eds Legal regulen les condicions d&#8217;\u00fas quant a l&#8217;acc\u00e9s, la navegaci\u00f3 i l&#8217;\u00fas del Portal, aix\u00ed com les responsabilitats derivades de la utilitzaci\u00f3, la prestaci\u00f3 i\/o la contractaci\u00f3 dels productes o serveis que l&#8217;integren.<\/p>\n<p>La utilitzaci\u00f3 del Web atribueix la condici\u00f3 d&#8217;Usuari i implica l&#8217;acceptaci\u00f3 de totes les condicions incloses en aquest Av\u00eds Legal, amb car\u00e0cter \u00edntegre i sense cap mena de reserves. L&#8217;Usuari ha de llegir atenta i acuradament el present Av\u00eds Legal cada vegada que vulgui accedir a les informacions i continguts integrats a la Web, ja que aquest podria haver patit modificacions o actualitzacions.<\/p>\n<p>Per tant, l&#8217;Usuari s&#8217;obliga a fer servir els continguts, productes i serveis de forma diligent, de conformitat amb la legislaci\u00f3 vigent i les normes de la bona fe, la moral i els bons costums.<\/p>\n<p>&nbsp;<\/p>\n<h2>3.- PROPIETAT INTEL\u00b7LECTUAL I INDUSTRIAL.<\/h2>\n<p>Els continguts del lloc web www.adalan.es, disseny gr\u00e0fic, estructura de navegaci\u00f3, logos, imatges, icones, arxiu de so i imatge, bases de dades, tecnologia, contingut, programari, links i codis font aix\u00ed com el desenvolupament del website , s\u00f3n de propietat exclusiva d&#8217;ADALAN M\u00d3N DE NATURA, S.L., i per tant en queda prohibida la reproducci\u00f3, distribuci\u00f3, comunicaci\u00f3 p\u00fablica, inclosa la modalitat de posada a disposici\u00f3, transformaci\u00f3 o qualsevol altra activitat que es pugui realitzar amb els continguts de la seva p\u00e0gina web ni encara citant les fonts, llevat del consentiment escrit d&#8217;ADALAN M\u00d3N DE NATURA, S.L., autoritzant expressament aquests o qualsevol altra modalitat d&#8217;explotaci\u00f3 sobre els drets dels quals ADALAN MON DE NATURA, S.L. \u00e9s titular.<\/p>\n<h2>4.- POL\u00cdTICA DE PRIVACITAT I PROTECCI\u00d3 DE DADES.<\/h2>\n<p>\u00daltima modificaci\u00f3: Juny 2024<\/p>\n<p>La Pol\u00edtica de Privadesa forma part de les Condicions Generals que regeixen la P\u00e0gina www.adalan.es juntament amb la Pol\u00edtica de Cookies i l&#8217;Av\u00eds Legal.<\/p>\n<p>ADALAN M\u00d3N DE NATURA, S.L., es reserva el dret a modificar o adaptar aquesta Pol\u00edtica de Privadesa en tot moment. Per tant, us recomanem que reviseu la mateixa cada vegada que accediu a la P\u00e0gina Web. En cas que usuari s&#8217;hagi registrat a la p\u00e0gina web i accedeixi al seu compte o perfil, en accedir-hi, se l&#8217;informar\u00e0 en cas que hi hagi hagut modificacions substancials en relaci\u00f3 amb el tractament de les seves dades personals.<\/p>\n<h3>Qui \u00e9s el Responsable del tractament de les vostres dades personals?<\/h3>\n<p>Les dades que es recullin o ens facilitis volunt\u00e0riament per mitj\u00e0 de la P\u00e0gina Web, ja sigui per la navegaci\u00f3 a la mateixa, aix\u00ed com tots aquells que ens puguis facilitar als formularis de contacte, via email o per tel\u00e8fon, seran demanats i tractats per el Responsable del Tractament, les dades del qual s&#8217;indiquen a continuaci\u00f3:<\/p>\n<p>ADALAN M\u00d3N DE NATURA, S.L.<br \/>Carrer Font Vella n\u00fam. 45, (43746), La Serra Dalmos<br \/>43746 Tivissa, Tarragona (Catalunya), ES<br \/>619 82 93 00<br \/><a href=\"https:\/\/www.adalan.es\/ca\/\">www.adalan.es<\/a><br \/>info@adalan.es<\/p>\n<h3>Amb quines finalitats tractarem les vostres dades personals (Av\u00eds Legal)?<\/h3>\n<p>\u2022 Contestar les teves consultes, sol\u00b7licituds o peticions.<br \/>\u2022 Gestionar el servei sol\u00b7licitat, contestar la teva sol\u00b7licitud o tramitar la teva petici\u00f3.<br \/>\u2022 Informaci\u00f3 per mitjans electr\u00f2nics, que versin sobre la teva sol\u00b7licitud.<br \/>\u2022 Informaci\u00f3 comercial o esdeveniments per mitjans electr\u00f2nics, sempre que hi hagi autoritzaci\u00f3 expressa.<br \/>\u2022 Realitzar an\u00e0lisis i millores a la Web, sobre els nostres productes i serveis. Millorar la nostra estrat\u00e8gia comercial.<\/p>\n<h3>Quina \u00e9s la legitimaci\u00f3 per al tractament de les vostres dades?<\/h3>\n<p>L&#8217;acceptaci\u00f3 i el consentiment de l&#8217;interessat: En aquells casos on per realitzar una sol\u00b7licitud sigui necessari emplenar un formulari i fer un &#8220;click&#8221; al bot\u00f3 d&#8217;enviar, la realitzaci\u00f3 del mateix implicar\u00e0 necess\u00e0riament que ha estat informat i n&#8217;ha atorgat expressament el consentiment al contingut de la cl\u00e0usula annexada a aquest formulari o acceptaci\u00f3 de la pol\u00edtica de privadesa.<\/p>\n<h3>A qui us comunicarem les vostres dades?<\/h3>\n<p>Les vostres dades no se cediran a Tercers excepte obligaci\u00f3 Legal.<\/p>\n<h3>Durant quin termini emmagatzemarem les vostres dades?<\/h3>\n<p>Les dades personals es mantindran mentre es mantingui la vinculaci\u00f3 amb el Responsable. En acabar aquestes dades, les dades personals tractades en cadascuna de les finalitats indicades es mantindran durant els terminis legalment previstos o durant el termini que un jutge o tribunal les pugui requerir atenent el termini de prescripci\u00f3 daccions judicials. al\u00b7ludits anteriorment, si hi hagu\u00e9s obligaci\u00f3 legal de manteniment, o de no existir aquest termini legal, fins que l&#8217;interessat sol\u00b7liciti la seva supressi\u00f3 o revoqui el consentiment atorgat.<\/p>\n<h3>Quins s\u00f3n els vostres drets?<\/h3>\n<p>\u2022 A saber, si estem tractant les vostres dades o no.<br \/>\u2022 A accedir a les vostres dades personals.<br \/>\u2022 A sol\u00b7licitar la rectificaci\u00f3 de les vostres dades si s\u00f3n inexactes.<br \/>\u2022 A sol\u00b7licitar la supressi\u00f3 de les vostres dades si ja no s\u00f3n necess\u00e0ries per als fins per als quals van ser recollits o si ens retira el consentiment atorgat.<br \/>\u2022 A sol\u00b7licitar la limitaci\u00f3 del tractament de les vostres dades, en alguns sup\u00f2sits, cas en qu\u00e8 nom\u00e9s es conservaran d&#8217;acord amb la normativa vigent.<br \/>\u2022 A portar les vostres dades, que us seran facilitades en un format estructurat, d&#8217;\u00fas com\u00fa o lectura mec\u00e0nica.<br \/>\u2022 A presentar una reclamaci\u00f3 davant del Delegat de Protecci\u00f3 de Dades (si escau) o davant l&#8217;Ag\u00e8ncia Espanyola de Protecci\u00f3 de Dades o autoritat de control competent, si creu que no l&#8217;hem at\u00e8s correctament.<br \/>\u2022 A revocar el consentiment per a cada finalitat espec\u00edfica, sense que aix\u00f2 afecti la licitud del tractament basat en el consentiment expr\u00e9s.<\/p>\n<h3>Com podeu exercir els vostres drets?<\/h3>\n<p>Us informem que podreu exercir els drets d&#8217;acc\u00e9s, rectificaci\u00f3, supressi\u00f3 i oposici\u00f3, mitjan\u00e7ant escrit juntament amb fotoc\u00f2pia de DNI al Delegat de Protecci\u00f3 de Dades, a la seg\u00fcent adre\u00e7a:<br \/>Carrer Font Vella n\u00fam. 45, (43746), La Serra Dalmos 43746 Tivissa, Tarragona (Catalunya), ES<br \/>En determinats sup\u00f2sits l&#8217;interessat podr\u00e0 sol\u00b7licitar la limitaci\u00f3 del tractament de les seves dades, cas en qu\u00e8 nom\u00e9s les conservarem d&#8217;acord amb la normativa vigent.<\/p>\n<p>En determinats sup\u00f2sits podeu exercitar el vostre dret a la portabilitat de les dades, que seran lliurats en un format estructurat, d&#8217;\u00fas com\u00fa o lectura mec\u00e0nica a vost\u00e8 o al nou responsable de tractament que designi.<br \/>T\u00e9 dret a revocar en qualsevol moment el consentiment per a qualsevol dels tractaments per als quals ho ha atorgat.<\/p>\n<p>Se n&#8217;informa l&#8217;interessat o el representant, que podr\u00e0 presentar una reclamaci\u00f3 davant l&#8217;Ag\u00e8ncia Espanyola de Protecci\u00f3 de Dades, en el sup\u00f2sit que consideri que no s&#8217;ha at\u00e8s convenientment l&#8217;exercici dels seus drets.<\/p>\n<h2>5.-RESERVA DE COOKIES.<\/h2>\n<p>ADALAN M\u00d3N DE NATURA, S.L. es reserva el dret d&#8217;utilitzar cookies a la navegaci\u00f3 de l&#8217;usuari pel seu website amb objectius t\u00e8cnics i per facilitar, millorar i personalitzar la navegaci\u00f3 als usuaris.<\/p>\n<p>ADALAN M\u00d3N DE NATURA, S.L. es reserva el dret d&#8217;utilitzar cookies a la navegaci\u00f3 de l&#8217;usuari pel seu web amb objectius t\u00e8cnics i per facilitar, millorar i personalitzar la navegaci\u00f3 als usuaris. El lloc web recordar\u00e0 les vostres prefer\u00e8ncies oferint una navegaci\u00f3 m\u00e9s senzilla i personalitzada per als usuaris.<\/p>\n<p>No obstant aix\u00f2, l&#8217;usuari t\u00e9 la possibilitat de configurar les opcions del vostre navegador de manera que se us informe de la recepci\u00f3 de cookies, podent, si aix\u00ed ho estima convenient, impedir que siguin instal\u00b7lades al seu terminal. Tot i aix\u00f2, per a l&#8217;acc\u00e9s a la website d&#8217;ADALAN M\u00d3N DE NATURA, S.L. no ser\u00e0 preceptiva la instal\u00b7laci\u00f3 de cookies.<\/p>\n<h2>6.-ACTUALITZACI\u00d3 I MODIFICACI\u00d3 DE LA P\u00c0GINA WEB.<\/h2>\n<p>ADALAN M\u00d3N DE NATURA, S.L. es reserva, sense av\u00eds previ als usuaris, el dret a actualitzar, modificar o eliminar la informaci\u00f3 continguda a la seva web.<\/p>\n<p>La possible inefic\u00e0cia, nul\u00b7litat i invalidesa d&#8217;alguna de les cl\u00e0usules contingudes en les presents condicions generals que resulti declarada judicialment, no afectar\u00e0 la validesa de les altres cl\u00e0usules, que continuaran tenint plena vig\u00e8ncia.<\/p>\n<p>&nbsp;<\/p>\n<h2>7.-LIMITACI\u00d3 DE GARANTIES I RESPONSABILITATS.<\/h2>\n<p>ADALAN M\u00d3N DE NATURA, S.L. s&#8217;eximeix i no assumeix cap tipus de responsabilitat pels danys i perjudicis de qualsevol naturalesa que pugui ocasionar, a t\u00edtol enunciatiu: problemes t\u00e8cnics, la pres\u00e8ncia de virus o programes maliciosos i lesius de continguts emmagatzemats als sistemes inform\u00e0tics dels usuaris del lloc web o de qualssevol altres elements que puguin ocasionar errors o alteracions en els seus equips inform\u00e0tics i fitxers, tot i haver adoptat els mitjans t\u00e8cnics necessaris per evitar-ho i garantir la disponibilitat del funcionament i dels serveis continguts al Portal. Igualment, ADALAN MON DE NATURA, S.L. no es responsabilitza dels danys que puguin causar a tercers.<\/p>\n<p>&nbsp;<\/p>\n<h2>8.-POL\u00cdTICA EN MAT\u00c8RIA D&#8217;ENLLA\u00c7OS D&#8217;HIPERTEXT (LINKS).<\/h2>\n<p>ADALAN M\u00d3N DE NATURA, S.L., no assumeix cap responsabilitat derivada de la connexi\u00f3 o dels continguts dels enlla\u00e7os a tercers llocs web, ni la seva exist\u00e8ncia implica que ADALAN M\u00d3N DE NATURA, S.L., sigui responsable de les seves pr\u00f2pies pol\u00edtiques de confidencialitat i condicions de \u00fas, aix\u00ed com de la informaci\u00f3 facilitada als seus propis portals.<\/p>\n<p>&nbsp;<\/p>\n<h2>9.- LEGISLACI\u00d3 I JURISDICCI\u00d3 APLICABLE.<\/h2>\n<p>Aquestes Condicions Generals d&#8217;\u00fas es regeixen en la seva integritat per la legislaci\u00f3 espanyola i la jurisdicci\u00f3, els jutjats i els tribunals competents a Espanya. Si l&#8217;adquisici\u00f3 entre vost\u00e8 i nosaltres s&#8217;ha celebrat en l\u00ednia a trav\u00e9s del nostre lloc web, d&#8217;acord amb el Reglament No 524\/2013 de la UE, us informem que vost\u00e8 t\u00e9 dret a sol\u00b7licitar amb nosaltres una resoluci\u00f3 extrajudicial de controv\u00e8rsies en mat\u00e8ria de consum accessible a trav\u00e9s de l&#8217;adre\u00e7a d&#8217;Internet <a href=\"http:\/\/ec.europa.eu\/consumers\/odr\/\">http:\/\/ec.europa.eu\/consumers\/odr\/<\/a>.<\/p>\n<p>[\/et_pb_text][\/et_pb_column][\/et_pb_row][\/et_pb_section]<\/p>\n","protected":false},"excerpt":{"rendered":"<p>Av\u00eds Legal 1.- AV\u00cdS LEGAL SOBRE DADES IDENTIFICATIVES. En compliment de l&#8217;article 10 de la Llei 34\/2002, de l&#8217;11 de juliol, de serveis de la Societat de la Informaci\u00f3 i Comer\u00e7 Electr\u00f2nic (LSSICE) s&#8217;exposen a continuaci\u00f3 les dades identificatives de l&#8217;empresa com a part essencial d&#8217;aquest av\u00eds legal: ADALAN M\u00d3N DE NATURA, S.L. (d&#8217;ara endavant [&hellip;]<\/p>\n","protected":false},"author":1,"featured_media":1522,"parent":0,"menu_order":0,"comment_status":"closed","ping_status":"closed","template":"","meta":{"_et_pb_use_builder":"on","_et_pb_old_content":"","_et_gb_content_width":"","footnotes":""},"class_list":["post-2711","page","type-page","status-publish","has-post-thumbnail","hentry"],"yoast_head":"<!-- This site is optimized with the Yoast SEO plugin v24.1 - https:\/\/yoast.com\/wordpress\/plugins\/seo\/ -->\n<title>Av\u00eds Legal - adalan<\/title>\n<meta name=\"description\" content=\"Av\u00eds Legal: En compliment de l&#039;article 10 de la Llei de serveis de la Societat de la Informaci\u00f3 i Comer\u00e7 Electr\u00f2nic (LSSICE) 34\/2002\" \/>\n<meta name=\"robots\" content=\"index, follow, max-snippet:-1, max-image-preview:large, max-video-preview:-1\" \/>\n<link rel=\"canonical\" href=\"https:\/\/www.adalan.es\/ca\/avis-legal\/\" \/>\n<meta property=\"og:locale\" content=\"ca_ES\" \/>\n<meta property=\"og:type\" content=\"article\" \/>\n<meta property=\"og:title\" content=\"Av\u00eds Legal - adalan\" \/>\n<meta property=\"og:description\" content=\"Av\u00eds Legal: En compliment de l&#039;article 10 de la Llei de serveis de la Societat de la Informaci\u00f3 i Comer\u00e7 Electr\u00f2nic (LSSICE) 34\/2002\" \/>\n<meta property=\"og:url\" content=\"https:\/\/www.adalan.es\/ca\/avis-legal\/\" \/>\n<meta property=\"og:site_name\" content=\"adalan\" \/>\n<meta property=\"article:publisher\" content=\"https:\/\/www.facebook.com\/people\/Adalan-Mn-de-Natura\/100069212570246\/\" \/>\n<meta property=\"article:modified_time\" content=\"2024-10-16T12:08:28+00:00\" \/>\n<meta property=\"og:image\" content=\"https:\/\/www.adalan.es\/wp-content\/uploads\/2016\/05\/Rio.jpg\" \/>\n\t<meta property=\"og:image:width\" content=\"1280\" \/>\n\t<meta property=\"og:image:height\" content=\"800\" \/>\n\t<meta property=\"og:image:type\" content=\"image\/jpeg\" \/>\n<meta name=\"twitter:card\" content=\"summary_large_image\" \/>\n<meta name=\"twitter:label1\" content=\"Temps estimat de lectura\" \/>\n\t<meta name=\"twitter:data1\" content=\"9 minuts\" \/>\n<script type=\"application\/ld+json\" class=\"yoast-schema-graph\">{\"@context\":\"https:\/\/schema.org\",\"@graph\":[{\"@type\":\"WebPage\",\"@id\":\"https:\/\/www.adalan.es\/ca\/avis-legal\/\",\"url\":\"https:\/\/www.adalan.es\/ca\/avis-legal\/\",\"name\":\"Av\u00eds Legal - adalan\",\"isPartOf\":{\"@id\":\"https:\/\/www.adalan.es\/ca\/#website\"},\"primaryImageOfPage\":{\"@id\":\"https:\/\/www.adalan.es\/ca\/avis-legal\/#primaryimage\"},\"image\":{\"@id\":\"https:\/\/www.adalan.es\/ca\/avis-legal\/#primaryimage\"},\"thumbnailUrl\":\"https:\/\/www.adalan.es\/wp-content\/uploads\/2016\/05\/Rio.jpg\",\"datePublished\":\"2024-05-24T08:58:53+00:00\",\"dateModified\":\"2024-10-16T12:08:28+00:00\",\"description\":\"Av\u00eds Legal: En compliment de l'article 10 de la Llei de serveis de la Societat de la Informaci\u00f3 i Comer\u00e7 Electr\u00f2nic (LSSICE) 34\/2002\",\"breadcrumb\":{\"@id\":\"https:\/\/www.adalan.es\/ca\/avis-legal\/#breadcrumb\"},\"inLanguage\":\"ca\",\"potentialAction\":[{\"@type\":\"ReadAction\",\"target\":[\"https:\/\/www.adalan.es\/ca\/avis-legal\/\"]}]},{\"@type\":\"ImageObject\",\"inLanguage\":\"ca\",\"@id\":\"https:\/\/www.adalan.es\/ca\/avis-legal\/#primaryimage\",\"url\":\"https:\/\/www.adalan.es\/wp-content\/uploads\/2016\/05\/Rio.jpg\",\"contentUrl\":\"https:\/\/www.adalan.es\/wp-content\/uploads\/2016\/05\/Rio.jpg\",\"width\":1280,\"height\":800,\"caption\":\"Aviso Legal\"},{\"@type\":\"BreadcrumbList\",\"@id\":\"https:\/\/www.adalan.es\/ca\/avis-legal\/#breadcrumb\",\"itemListElement\":[{\"@type\":\"ListItem\",\"position\":1,\"name\":\"Portada\",\"item\":\"https:\/\/www.adalan.es\/ca\/\"},{\"@type\":\"ListItem\",\"position\":2,\"name\":\"Av\u00eds Legal\"}]},{\"@type\":\"WebSite\",\"@id\":\"https:\/\/www.adalan.es\/ca\/#website\",\"url\":\"https:\/\/www.adalan.es\/ca\/\",\"name\":\"adalan\",\"description\":\"Salud y belleza natulares\",\"publisher\":{\"@id\":\"https:\/\/www.adalan.es\/ca\/#organization\"},\"potentialAction\":[{\"@type\":\"SearchAction\",\"target\":{\"@type\":\"EntryPoint\",\"urlTemplate\":\"https:\/\/www.adalan.es\/ca\/?s={search_term_string}\"},\"query-input\":{\"@type\":\"PropertyValueSpecification\",\"valueRequired\":true,\"valueName\":\"search_term_string\"}}],\"inLanguage\":\"ca\"},{\"@type\":\"Organization\",\"@id\":\"https:\/\/www.adalan.es\/ca\/#organization\",\"name\":\"adalan\",\"url\":\"https:\/\/www.adalan.es\/ca\/\",\"logo\":{\"@type\":\"ImageObject\",\"inLanguage\":\"ca\",\"@id\":\"https:\/\/www.adalan.es\/ca\/#\/schema\/logo\/image\/\",\"url\":\"https:\/\/www.adalan.es\/wp-content\/uploads\/2015\/04\/logo.jpg\",\"contentUrl\":\"https:\/\/www.adalan.es\/wp-content\/uploads\/2015\/04\/logo.jpg\",\"width\":300,\"height\":83,\"caption\":\"adalan\"},\"image\":{\"@id\":\"https:\/\/www.adalan.es\/ca\/#\/schema\/logo\/image\/\"},\"sameAs\":[\"https:\/\/www.facebook.com\/people\/Adalan-Mn-de-Natura\/100069212570246\/\",\"https:\/\/www.instagram.com\/adalanmondenatura_\/\"]}]}<\/script>\n<!-- \/ Yoast SEO plugin. -->","yoast_head_json":{"title":"Av\u00eds Legal - adalan","description":"Av\u00eds Legal: En compliment de l'article 10 de la Llei de serveis de la Societat de la Informaci\u00f3 i Comer\u00e7 Electr\u00f2nic (LSSICE) 34\/2002","robots":{"index":"index","follow":"follow","max-snippet":"max-snippet:-1","max-image-preview":"max-image-preview:large","max-video-preview":"max-video-preview:-1"},"canonical":"https:\/\/www.adalan.es\/ca\/avis-legal\/","og_locale":"ca_ES","og_type":"article","og_title":"Av\u00eds Legal - adalan","og_description":"Av\u00eds Legal: En compliment de l'article 10 de la Llei de serveis de la Societat de la Informaci\u00f3 i Comer\u00e7 Electr\u00f2nic (LSSICE) 34\/2002","og_url":"https:\/\/www.adalan.es\/ca\/avis-legal\/","og_site_name":"adalan","article_publisher":"https:\/\/www.facebook.com\/people\/Adalan-Mn-de-Natura\/100069212570246\/","article_modified_time":"2024-10-16T12:08:28+00:00","og_image":[{"width":1280,"height":800,"url":"https:\/\/www.adalan.es\/wp-content\/uploads\/2016\/05\/Rio.jpg","type":"image\/jpeg"}],"twitter_card":"summary_large_image","twitter_misc":{"Temps estimat de lectura":"9 minuts"},"schema":{"@context":"https:\/\/schema.org","@graph":[{"@type":"WebPage","@id":"https:\/\/www.adalan.es\/ca\/avis-legal\/","url":"https:\/\/www.adalan.es\/ca\/avis-legal\/","name":"Av\u00eds Legal - adalan","isPartOf":{"@id":"https:\/\/www.adalan.es\/ca\/#website"},"primaryImageOfPage":{"@id":"https:\/\/www.adalan.es\/ca\/avis-legal\/#primaryimage"},"image":{"@id":"https:\/\/www.adalan.es\/ca\/avis-legal\/#primaryimage"},"thumbnailUrl":"https:\/\/www.adalan.es\/wp-content\/uploads\/2016\/05\/Rio.jpg","datePublished":"2024-05-24T08:58:53+00:00","dateModified":"2024-10-16T12:08:28+00:00","description":"Av\u00eds Legal: En compliment de l'article 10 de la Llei de serveis de la Societat de la Informaci\u00f3 i Comer\u00e7 Electr\u00f2nic (LSSICE) 34\/2002","breadcrumb":{"@id":"https:\/\/www.adalan.es\/ca\/avis-legal\/#breadcrumb"},"inLanguage":"ca","potentialAction":[{"@type":"ReadAction","target":["https:\/\/www.adalan.es\/ca\/avis-legal\/"]}]},{"@type":"ImageObject","inLanguage":"ca","@id":"https:\/\/www.adalan.es\/ca\/avis-legal\/#primaryimage","url":"https:\/\/www.adalan.es\/wp-content\/uploads\/2016\/05\/Rio.jpg","contentUrl":"https:\/\/www.adalan.es\/wp-content\/uploads\/2016\/05\/Rio.jpg","width":1280,"height":800,"caption":"Aviso Legal"},{"@type":"BreadcrumbList","@id":"https:\/\/www.adalan.es\/ca\/avis-legal\/#breadcrumb","itemListElement":[{"@type":"ListItem","position":1,"name":"Portada","item":"https:\/\/www.adalan.es\/ca\/"},{"@type":"ListItem","position":2,"name":"Av\u00eds Legal"}]},{"@type":"WebSite","@id":"https:\/\/www.adalan.es\/ca\/#website","url":"https:\/\/www.adalan.es\/ca\/","name":"adalan","description":"Salud y belleza natulares","publisher":{"@id":"https:\/\/www.adalan.es\/ca\/#organization"},"potentialAction":[{"@type":"SearchAction","target":{"@type":"EntryPoint","urlTemplate":"https:\/\/www.adalan.es\/ca\/?s={search_term_string}"},"query-input":{"@type":"PropertyValueSpecification","valueRequired":true,"valueName":"search_term_string"}}],"inLanguage":"ca"},{"@type":"Organization","@id":"https:\/\/www.adalan.es\/ca\/#organization","name":"adalan","url":"https:\/\/www.adalan.es\/ca\/","logo":{"@type":"ImageObject","inLanguage":"ca","@id":"https:\/\/www.adalan.es\/ca\/#\/schema\/logo\/image\/","url":"https:\/\/www.adalan.es\/wp-content\/uploads\/2015\/04\/logo.jpg","contentUrl":"https:\/\/www.adalan.es\/wp-content\/uploads\/2015\/04\/logo.jpg","width":300,"height":83,"caption":"adalan"},"image":{"@id":"https:\/\/www.adalan.es\/ca\/#\/schema\/logo\/image\/"},"sameAs":["https:\/\/www.facebook.com\/people\/Adalan-Mn-de-Natura\/100069212570246\/","https:\/\/www.instagram.com\/adalanmondenatura_\/"]}]}},"_links":{"self":[{"href":"https:\/\/www.adalan.es\/ca\/wp-json\/wp\/v2\/pages\/2711","targetHints":{"allow":["GET"]}}],"collection":[{"href":"https:\/\/www.adalan.es\/ca\/wp-json\/wp\/v2\/pages"}],"about":[{"href":"https:\/\/www.adalan.es\/ca\/wp-json\/wp\/v2\/types\/page"}],"author":[{"embeddable":true,"href":"https:\/\/www.adalan.es\/ca\/wp-json\/wp\/v2\/users\/1"}],"replies":[{"embeddable":true,"href":"https:\/\/www.adalan.es\/ca\/wp-json\/wp\/v2\/comments?post=2711"}],"version-history":[{"count":20,"href":"https:\/\/www.adalan.es\/ca\/wp-json\/wp\/v2\/pages\/2711\/revisions"}],"predecessor-version":[{"id":4125,"href":"https:\/\/www.adalan.es\/ca\/wp-json\/wp\/v2\/pages\/2711\/revisions\/4125"}],"wp:featuredmedia":[{"embeddable":true,"href":"https:\/\/www.adalan.es\/ca\/wp-json\/wp\/v2\/media\/1522"}],"wp:attachment":[{"href":"https:\/\/www.adalan.es\/ca\/wp-json\/wp\/v2\/media?parent=2711"}],"curies":[{"name":"wp","href":"https:\/\/api.w.org\/{rel}","templated":true}]}}