{"id":2733,"date":"2024-05-15T09:48:04","date_gmt":"2024-05-15T09:48:04","guid":{"rendered":"https:\/\/www.adalan.es\/politica-de-privadesa\/"},"modified":"2024-10-15T14:59:32","modified_gmt":"2024-10-15T14:59:32","slug":"politica-de-privacitat","status":"publish","type":"page","link":"https:\/\/www.adalan.es\/ca\/politica-de-privacitat\/","title":{"rendered":"Pol\u00edtica de privacitat"},"content":{"rendered":"<p>[et_pb_section fb_built=&#8221;1&#8243; _builder_version=&#8221;4.16&#8243; global_colors_info=&#8221;{}&#8221;][et_pb_row _builder_version=&#8221;4.16&#8243; background_size=&#8221;initial&#8221; background_position=&#8221;top_left&#8221; background_repeat=&#8221;repeat&#8221; global_colors_info=&#8221;{}&#8221;][et_pb_column type=&#8221;4_4&#8243; _builder_version=&#8221;4.16&#8243; custom_padding=&#8221;|||&#8221; global_colors_info=&#8221;{}&#8221; custom_padding__hover=&#8221;|||&#8221;][et_pb_text admin_label=&#8221;Texto&#8221; _builder_version=&#8221;4.27.0&#8243; background_size=&#8221;initial&#8221; background_position=&#8221;top_left&#8221; background_repeat=&#8221;repeat&#8221; hover_enabled=&#8221;0&#8243; custom_css_free_form=&#8221;a {||  color: #08857E;||  font-weight: bold;||}&#8221; global_colors_info=&#8221;{}&#8221; sticky_enabled=&#8221;0&#8243;]<\/p>\n<h1>Pol\u00edtica de privacitat<\/h1>\n<h2>POL\u00cdTICA DE PRIVADESA I PROTECCI\u00d3 DE DADES.<\/h2>\n<p>Last modification: June 2024<\/p>\n<p>La Pol\u00edtica de Privadesa forma part de les Condicions Generals que regeixen la P\u00e0gina www.adalan.es juntament amb la Pol\u00edtica de Cookies i l&#8217;Av\u00eds Legal.<\/p>\n<p>ADALAN MON DE NATURA S.L., es reserva el dret a modificar o adaptar la present Pol\u00edtica de Privadesa en tot moment. Per tant, us recomanem que reviseu la mateixa cada vegada que accediu a la P\u00e0gina Web.<\/p>\n<h3>Qui \u00e9s el Responsable del tractament de les vostres dades personals?<\/h3>\n<p>Les dades que es recullin o ens facilitis volunt\u00e0riament per mitj\u00e0 de la P\u00e0gina Web, ja sigui per la navegaci\u00f3 a la mateixa, aix\u00ed com tots aquells que ens puguis facilitar als formularis de contacte, via email o per tel\u00e8fon, seran demanats i tractats per el Responsable del Tractament, les dades del qual s&#8217;indiquen a continuaci\u00f3:<\/p>\n<p>ADALAN MON DE NATURA S.L.<br \/>Carrer Font Vella n\u00fam. 45, (43746), La Serra Dalmos 43746 Tivissa, Tarragona (Catalunya) Espanya<br \/>619 82 93 00<br \/>www.adalan.es<br \/>info@adalan.es<\/p>\n<h3>Amb quines finalitats tractarem les vostres dades personals?<\/h3>\n<p>\u2022 Contestar les teves consultes, sol\u00b7licituds o peticions.<br \/>\u2022 Gestionar el servei sol\u00b7licitat, contestar la teva sol\u00b7licitud o tramitar la teva petici\u00f3.<br \/>\u2022 Informaci\u00f3 per mitjans electr\u00f2nics, que versin sobre la teva sol\u00b7licitud.<br \/>\u2022 Informaci\u00f3 comercial o esdeveniments per mitjans electr\u00f2nics, sempre que hi hagi autoritzaci\u00f3 expressa.<br \/>\u2022 Realitzar an\u00e0lisis i millores a la Web, sobre els nostres productes i serveis. Millorar la nostra estrat\u00e8gia comercial.<\/p>\n<h3>Quina \u00e9s la legitimaci\u00f3 per al tractament de les vostres dades?<\/h3>\n<p>L&#8217;acceptaci\u00f3 i el consentiment de l&#8217;interessat: en aquells casos on per realitzar una sol\u00b7licitud sigui necessari emplenar un formulari i fer un &#8220;click&#8221; al bot\u00f3 d&#8217;enviar, la realitzaci\u00f3 del mateix implicar\u00e0 necess\u00e0riament que ha estat informat i n&#8217;ha atorgat expressament el consentiment al contingut de la cl\u00e0usula annexada a aquest formulari o acceptaci\u00f3 de la pol\u00edtica de privadesa.<\/p>\n<h3>A qui us comunicarem les vostres dades?<\/h3>\n<p>Les vostres dades no se cediran a Tercers excepte obligaci\u00f3 Legal.<\/p>\n<h3>Durant quin termini emmagatzemarem les vostres dades?<\/h3>\n<p>Les dades personals es mantindran mentre es mantingui la vinculaci\u00f3 amb el Responsable. En acabar aquestes dades, les dades personals tractades en cadascuna de les finalitats indicades es mantindran durant els terminis legalment previstos o durant el termini que un jutge o tribunal les pugui requerir atenent el termini de prescripci\u00f3 daccions judicials. al\u00b7ludits anteriorment, si hi hagu\u00e9s obligaci\u00f3 legal de manteniment, o de no existir aquest termini legal, fins que l&#8217;interessat sol\u00b7liciti la seva supressi\u00f3 o revoqui el consentiment atorgat.<\/p>\n<h3>Quins s\u00f3n els vostres drets?<\/h3>\n<p>\u2022 A saber, si estem tractant les vostres dades o no.<br \/>\u2022 A accedir a les vostres dades personals.<br \/>\u2022 A sol\u00b7licitar la rectificaci\u00f3 de les vostres dades si s\u00f3n inexactes.<br \/>\u2022 A sol\u00b7licitar la supressi\u00f3 de les vostres dades si ja no s\u00f3n necess\u00e0ries per als fins per als quals van ser recollits o si ens retira el consentiment atorgat.<br \/>\u2022 A sol\u00b7licitar la limitaci\u00f3 del tractament de les vostres dades, en alguns sup\u00f2sits, cas en qu\u00e8 nom\u00e9s es conservaran d&#8217;acord amb la normativa vigent.<br \/>\u2022 A portar les vostres dades, que us seran facilitades en un format estructurat, d&#8217;\u00fas com\u00fa o lectura mec\u00e0nica.<br \/>\u2022 A presentar una reclamaci\u00f3 davant del Delegat de Protecci\u00f3 de Dades (si escau) o davant l&#8217;Ag\u00e8ncia Espanyola de Protecci\u00f3 de Dades o autoritat de control competent, si creu que no l&#8217;hem at\u00e8s correctament.<br \/>\u2022 A revocar el consentiment per a cada finalitat espec\u00edfica, sense que aix\u00f2 afecti la licitud del tractament basat en el consentiment expr\u00e9s.<\/p>\n<h3>Com podeu exercir els vostres drets?<\/h3>\n<p>Us informem que podreu exercir els drets d&#8217;acc\u00e9s, rectificaci\u00f3, supressi\u00f3 i oposici\u00f3, mitjan\u00e7ant escrit juntament amb fotoc\u00f2pia de DNI al Delegat de Protecci\u00f3 de Dades, a la seg\u00fcent adre\u00e7a:<br \/>Carrer Font Vella n\u00fam. 45, (43746), La Serra Dalmos 43746 Tivissa, Tarragona(Catalunya) Espanya<br \/>En determinats sup\u00f2sits l&#8217;interessat podr\u00e0 sol\u00b7licitar la limitaci\u00f3 del tractament de les seves dades, cas en qu\u00e8 nom\u00e9s les conservarem d&#8217;acord amb la normativa vigent.<\/p>\n<p>Per deixar de rebre la nostra newsletter, et pots donar de baixa des d&#8217;aquest <a href=\"https:\/\/www.adalan.es\/mi-cuenta\/edit-account\/\">enlla\u00e7.<\/a><\/p>\n<p>En determinats sup\u00f2sits podeu exercitar el vostre dret a la portabilitat de les dades, que seran lliurats en un format estructurat, d&#8217;\u00fas com\u00fa o lectura mec\u00e0nica a vost\u00e8 o al nou responsable de tractament que designi.<br \/>T\u00e9 dret a revocar en qualsevol moment el consentiment per a qualsevol dels tractaments per als quals ho ha atorgat.<\/p>\n<p>Se n&#8217;informa l&#8217;interessat o el representant, que podr\u00e0 presentar una reclamaci\u00f3 davant l&#8217;Ag\u00e8ncia Espanyola de Protecci\u00f3 de Dades, en el sup\u00f2sit que consideri que no s&#8217;ha at\u00e8s convenientment l&#8217;exercici dels seus drets.<\/p>\n<p>ADALAN MON DE NATURA S.L. pot contenir enlla\u00e7os o permetre interactuar de serveis de tercers independents (&#8220;Serveis de tercers&#8221;). L&#8217;acc\u00e9s als Serveis de tercers nom\u00e9s es proporciona per a la vostra comoditat. 289 \/ 5,000 Els Serveis de tercers no estan sota el control d&#8217;ADALAN MON DE NATURA S.L., ADALAN MON DE NATURA S.L. no d\u00f3na suport necess\u00e0riament al contingut, la publicitat, els productes, els serveis o altres materials en aquests serveis de tercers o disponibles en aquests serveis de tercers. El seu \u00fas dels serveis de tercers pot estar subjecte als termes i condicions del prove\u00efdor extern.<\/p>\n<h2>RESERVA DE COOKIES<\/h2>\n<p>ADALAN MON DE NATURA S.L. es reserva el dret d&#8217;utilitzar cookies a la navegaci\u00f3 de l&#8217;usuari pel seu website amb objectius t\u00e8cnics i per facilitar, millorar i personalitzar la navegaci\u00f3 als usuaris. ADALAN MON DE NATURA S.L. informa que les galetes s&#8217;associen a l&#8217;usuari an\u00f2nim i al seu ordinador, aix\u00ed, quan l&#8217;usuari torna a visitar el lloc web es llegeixen les galetes per identificar aquest usuari i establir les seves prefer\u00e8ncies de navegaci\u00f3.<\/p>\n<p>No obstant aix\u00f2, l&#8217;usuari t\u00e9 la possibilitat de configurar les opcions del vostre navegador de manera que se us informe de la recepci\u00f3 de cookies, podent, si aix\u00ed ho estima convenient, impedir que siguin instal\u00b7lades al seu terminal. Tot i aix\u00f2, per a l&#8217;acc\u00e9s al website d&#8217;ADALAN MON DE NATURA S.L. no ser\u00e0 preceptiva la instal\u00b7laci\u00f3 de cookies.<\/p>\n<h2>CONDICIONS GENERALS DE COMPRA<\/h2>\n<p>Podeu consultar les condicions generals de compra, devolucions i\/o cancel\u00b7lacions des <a href=\"https:\/\/www.adalan.es\/ca\/condicions-generals-de-compra\/\">d&#8217;aquest enlla\u00e7<\/a><\/p>\n<p>&nbsp;<\/p>\n<p>[\/et_pb_text][\/et_pb_column][\/et_pb_row][\/et_pb_section][et_pb_section fb_built=&#8221;1&#8243; admin_label=&#8221;kit-digital&#8221; module_class=&#8221;kit-digital&#8221; _builder_version=&#8221;4.25.1&#8243; _module_preset=&#8221;default&#8221; custom_margin=&#8221;0px||0px||false|false&#8221; custom_padding=&#8221;0px||0px||false|false&#8221; global_colors_info=&#8221;{}&#8221;][et_pb_row column_structure=&#8221;1_5,1_5,1_5,1_5,1_5&#8243; _builder_version=&#8221;4.25.1&#8243; _module_preset=&#8221;default&#8221; global_colors_info=&#8221;{}&#8221;][et_pb_column type=&#8221;1_5&#8243; _builder_version=&#8221;4.25.1&#8243; _module_preset=&#8221;default&#8221; global_colors_info=&#8221;{}&#8221;][et_pb_image src=&#8221;https:\/\/www.adalan.es\/wp-content\/uploads\/2024\/05\/LogoNextGen.png&#8221; title_text=&#8221;LogoNextGen&#8221; admin_label=&#8221;Imagen&#8221; _builder_version=&#8221;4.25.1&#8243; _module_preset=&#8221;default&#8221; module_alignment=&#8221;center&#8221; global_colors_info=&#8221;{}&#8221;][\/et_pb_image][\/et_pb_column][et_pb_column type=&#8221;1_5&#8243; _builder_version=&#8221;4.25.1&#8243; _module_preset=&#8221;default&#8221; global_colors_info=&#8221;{}&#8221;][et_pb_image src=&#8221;https:\/\/www.adalan.es\/wp-content\/uploads\/2024\/05\/logoGobEspana.png&#8221; title_text=&#8221;logoGobEspana&#8221; align=&#8221;center&#8221; force_fullwidth=&#8221;on&#8221; _builder_version=&#8221;4.25.1&#8243; _module_preset=&#8221;default&#8221; custom_padding=&#8221;5px||||false|false&#8221; global_colors_info=&#8221;{}&#8221;][\/et_pb_image][\/et_pb_column][et_pb_column type=&#8221;1_5&#8243; _builder_version=&#8221;4.25.1&#8243; _module_preset=&#8221;default&#8221; global_colors_info=&#8221;{}&#8221;][et_pb_image src=&#8221;https:\/\/www.adalan.es\/wp-content\/uploads\/2024\/05\/LogoRedes.png&#8221; title_text=&#8221;LogoRedes&#8221; _builder_version=&#8221;4.25.1&#8243; _module_preset=&#8221;default&#8221; width=&#8221;55%&#8221; module_alignment=&#8221;center&#8221; custom_margin=&#8221;|||20px|false|false&#8221; global_colors_info=&#8221;{}&#8221;][\/et_pb_image][\/et_pb_column][et_pb_column type=&#8221;1_5&#8243; _builder_version=&#8221;4.25.1&#8243; _module_preset=&#8221;default&#8221; global_colors_info=&#8221;{}&#8221;][et_pb_image src=&#8221;https:\/\/www.adalan.es\/wp-content\/uploads\/2024\/05\/LOGOPOSITIVO.png&#8221; title_text=&#8221;LOGOPOSITIVO&#8221; _builder_version=&#8221;4.25.1&#8243; _module_preset=&#8221;default&#8221; width=&#8221;55%&#8221; module_alignment=&#8221;center&#8221; global_colors_info=&#8221;{}&#8221;][\/et_pb_image][\/et_pb_column][et_pb_column type=&#8221;1_5&#8243; _builder_version=&#8221;4.25.1&#8243; _module_preset=&#8221;default&#8221; global_colors_info=&#8221;{}&#8221;][et_pb_image src=&#8221;https:\/\/www.adalan.es\/wp-content\/uploads\/2024\/05\/logoKitDigital.png&#8221; title_text=&#8221;logoKitDigital&#8221; _builder_version=&#8221;4.25.1&#8243; _module_preset=&#8221;default&#8221; width=&#8221;55%&#8221; module_alignment=&#8221;center&#8221; custom_padding=&#8221;10px||||false|false&#8221; global_colors_info=&#8221;{}&#8221;][\/et_pb_image][\/et_pb_column][\/et_pb_row][\/et_pb_section]<\/p>\n","protected":false},"excerpt":{"rendered":"<p>Pol\u00edtica de privacitat POL\u00cdTICA DE PRIVADESA I PROTECCI\u00d3 DE DADES. Last modification: June 2024 La Pol\u00edtica de Privadesa forma part de les Condicions Generals que regeixen la P\u00e0gina www.adalan.es juntament amb la Pol\u00edtica de Cookies i l&#8217;Av\u00eds Legal. ADALAN MON DE NATURA S.L., es reserva el dret a modificar o adaptar la present Pol\u00edtica de [&hellip;]<\/p>\n","protected":false},"author":1,"featured_media":0,"parent":0,"menu_order":0,"comment_status":"closed","ping_status":"closed","template":"","meta":{"_et_pb_use_builder":"on","_et_pb_old_content":"","_et_gb_content_width":"","footnotes":""},"class_list":["post-2733","page","type-page","status-publish","hentry"],"yoast_head":"<!-- This site is optimized with the Yoast SEO plugin v24.1 - https:\/\/yoast.com\/wordpress\/plugins\/seo\/ -->\n<title>Pol\u00edtica de privacitat - adalan<\/title>\n<meta name=\"description\" content=\"Politica de privacitat\" \/>\n<meta name=\"robots\" content=\"index, follow, max-snippet:-1, max-image-preview:large, max-video-preview:-1\" \/>\n<link rel=\"canonical\" href=\"https:\/\/www.adalan.es\/ca\/politica-de-privacitat\/\" \/>\n<meta property=\"og:locale\" content=\"ca_ES\" \/>\n<meta property=\"og:type\" content=\"article\" \/>\n<meta property=\"og:title\" content=\"Pol\u00edtica de privacitat - adalan\" \/>\n<meta property=\"og:description\" content=\"Politica de privacitat\" \/>\n<meta property=\"og:url\" content=\"https:\/\/www.adalan.es\/ca\/politica-de-privacitat\/\" \/>\n<meta property=\"og:site_name\" content=\"adalan\" \/>\n<meta property=\"article:publisher\" content=\"https:\/\/www.facebook.com\/people\/Adalan-Mn-de-Natura\/100069212570246\/\" \/>\n<meta property=\"article:modified_time\" content=\"2024-10-15T14:59:32+00:00\" \/>\n<meta name=\"twitter:card\" content=\"summary_large_image\" \/>\n<meta name=\"twitter:label1\" content=\"Temps estimat de lectura\" \/>\n\t<meta name=\"twitter:data1\" content=\"6 minuts\" \/>\n<script type=\"application\/ld+json\" class=\"yoast-schema-graph\">{\"@context\":\"https:\/\/schema.org\",\"@graph\":[{\"@type\":\"WebPage\",\"@id\":\"https:\/\/www.adalan.es\/ca\/politica-de-privacitat\/\",\"url\":\"https:\/\/www.adalan.es\/ca\/politica-de-privacitat\/\",\"name\":\"Pol\u00edtica de privacitat - adalan\",\"isPartOf\":{\"@id\":\"https:\/\/www.adalan.es\/ca\/#website\"},\"datePublished\":\"2024-05-15T09:48:04+00:00\",\"dateModified\":\"2024-10-15T14:59:32+00:00\",\"description\":\"Politica de privacitat\",\"breadcrumb\":{\"@id\":\"https:\/\/www.adalan.es\/ca\/politica-de-privacitat\/#breadcrumb\"},\"inLanguage\":\"ca\",\"potentialAction\":[{\"@type\":\"ReadAction\",\"target\":[\"https:\/\/www.adalan.es\/ca\/politica-de-privacitat\/\"]}]},{\"@type\":\"BreadcrumbList\",\"@id\":\"https:\/\/www.adalan.es\/ca\/politica-de-privacitat\/#breadcrumb\",\"itemListElement\":[{\"@type\":\"ListItem\",\"position\":1,\"name\":\"Portada\",\"item\":\"https:\/\/www.adalan.es\/ca\/\"},{\"@type\":\"ListItem\",\"position\":2,\"name\":\"Pol\u00edtica de privacitat\"}]},{\"@type\":\"WebSite\",\"@id\":\"https:\/\/www.adalan.es\/ca\/#website\",\"url\":\"https:\/\/www.adalan.es\/ca\/\",\"name\":\"adalan\",\"description\":\"Salud y belleza natulares\",\"publisher\":{\"@id\":\"https:\/\/www.adalan.es\/ca\/#organization\"},\"potentialAction\":[{\"@type\":\"SearchAction\",\"target\":{\"@type\":\"EntryPoint\",\"urlTemplate\":\"https:\/\/www.adalan.es\/ca\/?s={search_term_string}\"},\"query-input\":{\"@type\":\"PropertyValueSpecification\",\"valueRequired\":true,\"valueName\":\"search_term_string\"}}],\"inLanguage\":\"ca\"},{\"@type\":\"Organization\",\"@id\":\"https:\/\/www.adalan.es\/ca\/#organization\",\"name\":\"adalan\",\"url\":\"https:\/\/www.adalan.es\/ca\/\",\"logo\":{\"@type\":\"ImageObject\",\"inLanguage\":\"ca\",\"@id\":\"https:\/\/www.adalan.es\/ca\/#\/schema\/logo\/image\/\",\"url\":\"https:\/\/www.adalan.es\/wp-content\/uploads\/2015\/04\/logo.jpg\",\"contentUrl\":\"https:\/\/www.adalan.es\/wp-content\/uploads\/2015\/04\/logo.jpg\",\"width\":300,\"height\":83,\"caption\":\"adalan\"},\"image\":{\"@id\":\"https:\/\/www.adalan.es\/ca\/#\/schema\/logo\/image\/\"},\"sameAs\":[\"https:\/\/www.facebook.com\/people\/Adalan-Mn-de-Natura\/100069212570246\/\",\"https:\/\/www.instagram.com\/adalanmondenatura_\/\"]}]}<\/script>\n<!-- \/ Yoast SEO plugin. -->","yoast_head_json":{"title":"Pol\u00edtica de privacitat - adalan","description":"Politica de privacitat","robots":{"index":"index","follow":"follow","max-snippet":"max-snippet:-1","max-image-preview":"max-image-preview:large","max-video-preview":"max-video-preview:-1"},"canonical":"https:\/\/www.adalan.es\/ca\/politica-de-privacitat\/","og_locale":"ca_ES","og_type":"article","og_title":"Pol\u00edtica de privacitat - adalan","og_description":"Politica de privacitat","og_url":"https:\/\/www.adalan.es\/ca\/politica-de-privacitat\/","og_site_name":"adalan","article_publisher":"https:\/\/www.facebook.com\/people\/Adalan-Mn-de-Natura\/100069212570246\/","article_modified_time":"2024-10-15T14:59:32+00:00","twitter_card":"summary_large_image","twitter_misc":{"Temps estimat de lectura":"6 minuts"},"schema":{"@context":"https:\/\/schema.org","@graph":[{"@type":"WebPage","@id":"https:\/\/www.adalan.es\/ca\/politica-de-privacitat\/","url":"https:\/\/www.adalan.es\/ca\/politica-de-privacitat\/","name":"Pol\u00edtica de privacitat - adalan","isPartOf":{"@id":"https:\/\/www.adalan.es\/ca\/#website"},"datePublished":"2024-05-15T09:48:04+00:00","dateModified":"2024-10-15T14:59:32+00:00","description":"Politica de privacitat","breadcrumb":{"@id":"https:\/\/www.adalan.es\/ca\/politica-de-privacitat\/#breadcrumb"},"inLanguage":"ca","potentialAction":[{"@type":"ReadAction","target":["https:\/\/www.adalan.es\/ca\/politica-de-privacitat\/"]}]},{"@type":"BreadcrumbList","@id":"https:\/\/www.adalan.es\/ca\/politica-de-privacitat\/#breadcrumb","itemListElement":[{"@type":"ListItem","position":1,"name":"Portada","item":"https:\/\/www.adalan.es\/ca\/"},{"@type":"ListItem","position":2,"name":"Pol\u00edtica de privacitat"}]},{"@type":"WebSite","@id":"https:\/\/www.adalan.es\/ca\/#website","url":"https:\/\/www.adalan.es\/ca\/","name":"adalan","description":"Salud y belleza natulares","publisher":{"@id":"https:\/\/www.adalan.es\/ca\/#organization"},"potentialAction":[{"@type":"SearchAction","target":{"@type":"EntryPoint","urlTemplate":"https:\/\/www.adalan.es\/ca\/?s={search_term_string}"},"query-input":{"@type":"PropertyValueSpecification","valueRequired":true,"valueName":"search_term_string"}}],"inLanguage":"ca"},{"@type":"Organization","@id":"https:\/\/www.adalan.es\/ca\/#organization","name":"adalan","url":"https:\/\/www.adalan.es\/ca\/","logo":{"@type":"ImageObject","inLanguage":"ca","@id":"https:\/\/www.adalan.es\/ca\/#\/schema\/logo\/image\/","url":"https:\/\/www.adalan.es\/wp-content\/uploads\/2015\/04\/logo.jpg","contentUrl":"https:\/\/www.adalan.es\/wp-content\/uploads\/2015\/04\/logo.jpg","width":300,"height":83,"caption":"adalan"},"image":{"@id":"https:\/\/www.adalan.es\/ca\/#\/schema\/logo\/image\/"},"sameAs":["https:\/\/www.facebook.com\/people\/Adalan-Mn-de-Natura\/100069212570246\/","https:\/\/www.instagram.com\/adalanmondenatura_\/"]}]}},"_links":{"self":[{"href":"https:\/\/www.adalan.es\/ca\/wp-json\/wp\/v2\/pages\/2733","targetHints":{"allow":["GET"]}}],"collection":[{"href":"https:\/\/www.adalan.es\/ca\/wp-json\/wp\/v2\/pages"}],"about":[{"href":"https:\/\/www.adalan.es\/ca\/wp-json\/wp\/v2\/types\/page"}],"author":[{"embeddable":true,"href":"https:\/\/www.adalan.es\/ca\/wp-json\/wp\/v2\/users\/1"}],"replies":[{"embeddable":true,"href":"https:\/\/www.adalan.es\/ca\/wp-json\/wp\/v2\/comments?post=2733"}],"version-history":[{"count":33,"href":"https:\/\/www.adalan.es\/ca\/wp-json\/wp\/v2\/pages\/2733\/revisions"}],"predecessor-version":[{"id":3970,"href":"https:\/\/www.adalan.es\/ca\/wp-json\/wp\/v2\/pages\/2733\/revisions\/3970"}],"wp:attachment":[{"href":"https:\/\/www.adalan.es\/ca\/wp-json\/wp\/v2\/media?parent=2733"}],"curies":[{"name":"wp","href":"https:\/\/api.w.org\/{rel}","templated":true}]}}