{"id":2754,"date":"2024-05-24T10:13:59","date_gmt":"2024-05-24T10:13:59","guid":{"rendered":"https:\/\/www.adalan.es\/accessibility-statement\/"},"modified":"2024-09-23T14:01:19","modified_gmt":"2024-09-23T14:01:19","slug":"declaracio-daccesibilitat","status":"publish","type":"page","link":"https:\/\/www.adalan.es\/ca\/declaracio-daccesibilitat\/","title":{"rendered":"Declaraci\u00f3 d&#8217;accessibilitat"},"content":{"rendered":"<p>[et_pb_section fb_built=&#8221;1&#8243; _builder_version=&#8221;4.16&#8243; global_colors_info=&#8221;{}&#8221;][et_pb_row _builder_version=&#8221;4.16&#8243; background_size=&#8221;initial&#8221; background_position=&#8221;top_left&#8221; background_repeat=&#8221;repeat&#8221; global_colors_info=&#8221;{}&#8221;][et_pb_column type=&#8221;4_4&#8243; _builder_version=&#8221;4.16&#8243; custom_padding=&#8221;|||&#8221; global_colors_info=&#8221;{}&#8221; custom_padding__hover=&#8221;|||&#8221;][et_pb_text _builder_version=&#8221;4.25.1&#8243; text_font=&#8221;Montserrat||||||||&#8221; background_size=&#8221;initial&#8221; background_position=&#8221;top_left&#8221; background_repeat=&#8221;repeat&#8221; global_colors_info=&#8221;{}&#8221;]<\/p>\n<p class=\"has-normal-font-size\">Actualitzat: Juny de 2024<\/p>\n<p><strong>ADALAN M\u00d3N DE NATURA, S.L.<\/strong> s&#8217;ha comprom\u00e8s a fer accessible el vostre lloc web de conformitat amb el Reial Decret 1112\/2018, de 7 de setembre, sobre accessibilitat dels llocs web i aplicacions per a dispositius m\u00f2bils del sector p\u00fablic (d&#8217;ara endavant, Reial Decret 1112\/2018, de 7 de setembre).<\/p>\n<p class=\"has-normal-font-size\">Aquesta declaraci\u00f3 d&#8217;accessibilitat s&#8217;aplica al lloc web ADALAN M\u00d3N DE NATURA, S.L. (els subdominis d&#8217;aquest lloc web tindran les vostres pr\u00f2pies declaracions d&#8217;accessibilitat).<\/p>\n<p><strong>SITUACI\u00d3 DE COMPLIMENT<\/strong><\/p>\n<p class=\"has-normal-font-size\">Aquest lloc web \u00e9s parcialment conforme amb el RD 1112\/2018 a causa de les excepcions i la manca de conformitat dels aspectes que s&#8217;indiquen a continuaci\u00f3.<\/p>\n<p><strong>CONTINGUT NO ACCESSIBLE<\/strong><\/p>\n<p>El contingut que es recull a continuaci\u00f3 no \u00e9s accessible pel seg\u00fcent:<\/p>\n<p>Manca de conformitat amb el RD 1112\/2018:<\/p>\n<ul>\n<li>Hi ha documents PDF amb problemes d&#8217;accessibilitat<\/li>\n<li>C\u00e0rrega desproporcionada:<\/li>\n<\/ul>\n<p>No s&#8217;aplica.<\/p>\n<ul>\n<li>Contingut no entra dins l&#8217;\u00e0mbit de la legislaci\u00f3 aplicable:<\/li>\n<\/ul>\n<p>No s&#8217;aplica.<\/p>\n<p><strong>PREPARACI\u00d3 DE LA PRESENT DECLARACI\u00d3 D&#8217;ACCESSIBILITAT<\/strong><\/p>\n<p>Aquesta declaraci\u00f3 va ser preparada el 10 de juny de 2024.<\/p>\n<p>El m\u00e8tode emprat per a aquesta declaraci\u00f3 ha estat una autoavaluaci\u00f3 realitzada per l&#8217;agent digitalitzador amb el suport de les Eines Externes.<\/p>\n<p>\u00daltima revisi\u00f3 de la declaraci\u00f3: 10 de juny de 2024.<\/p>\n<p><strong>OBSERVACIONS I DADES DE CONTACTE<\/strong><\/p>\n<p><strong>Comunicacions sobre requisits daccessibilitat<\/strong><\/p>\n<p>Podeu realitzar comunicacions sobre requisits d&#8217;accessibilitat (article 10.2.a del RD 1112\/2018) com ara:<\/p>\n<ul>\n<li>Informar sobre qualsevol possible incompliment per part d&#8217;aquest lloc web<\/li>\n<li>Transmetre altres dificultats d&#8217;acc\u00e9s al contingut<\/li>\n<li>Formular qualsevol altra consulta o suggeriment de millora relativa a l&#8217;accessibilitat del lloc web mitjan\u00e7ant el formulari de contacte.<\/li>\n<\/ul>\n<p>Les comunicacions seran rebudes i tractades pel propietari del lloc i despr\u00e9s canalitzades a lequip de desenvolupament web.<\/p>\n<p><strong>Sol\u00b7licituds d&#8217;informaci\u00f3 accessible i queixes<\/strong><\/p>\n<p>A trav\u00e9s del formulari de contacte podeu presentar:<\/p>\n<ul>\n<li>Una queixa relativa al compliment dels requisits del RD 1112\/2018 o<\/li>\n<li>Una sol\u00b7licitud d&#8217;informaci\u00f3 accessible relativa a:<\/li>\n<\/ul>\n<ul>\n<li>Continguts que estan exclosos de l\u00e0mbit daplicaci\u00f3 del RD 1112\/2018 segons el que estableix larticle 3, apartat 4<\/li>\n<li>Continguts que estan exempts del compliment dels requisits daccessibilitat per imposar una c\u00e0rrega desproporcionada. A la Sol\u00b7licitud d&#8217;informaci\u00f3 accessible, cal concretar, amb tota claredat, els fets, les raons i la petici\u00f3 que permetin constatar que es tracta d&#8217;una sol\u00b7licitud raonable i leg\u00edtima.<\/li>\n<\/ul>\n<p><strong>PROCEDIMENT D&#8217;APLICACI\u00d3<\/strong><\/p>\n<p>Si una vegada realitzada una sol\u00b7licitud d&#8217;informaci\u00f3 accessible o queixa, aquesta ha estat desestimada, no s&#8217;estigu\u00e9s d&#8217;acord amb la decisi\u00f3 adoptada, o la resposta no compl\u00eds els requisits contemplats a l&#8217;article 12.5 del RD 1112\/2018, la persona interessada podr\u00e0 iniciar una reclamaci\u00f3. Igualment es podr\u00e0 iniciar una reclamaci\u00f3 en cas de no haver obtingut resposta.<\/p>\n<p>El procediment reclamaci\u00f3 recollit a l&#8217;article 13 del RD 1112\/2018 es pot iniciar a trav\u00e9s d&#8217;aquest enlla\u00e7.<\/p>\n<p><strong>CONTINGUT OPCIONAL<\/strong><\/p>\n<p>El lloc web:<\/p>\n<ul>\n<li>S&#8217;ha dissenyat adaptant-se als est\u00e0ndards i normatives vigents en relaci\u00f3 amb l&#8217;accessibilitat, complint amb els punts de verificaci\u00f3 de prioritat 2 (AA) definits a l&#8217;especificaci\u00f3 de Pautes d&#8217;Accessibilitat al Contingut a la Web (WCAG 2.1).<\/li>\n<li>Est\u00e0 optimitzat per a les darreres versions vigents de Chrome, Edge, Firefox, Safari i Opera.<\/li>\n<li>Est\u00e0 dissenyat per a la correcta visualitzaci\u00f3 en qualsevol resoluci\u00f3 i dispositiu d&#8217;escriptori, tauletes o m\u00f2bils (disseny responsive).<\/li>\n<li class=\"has-normal-font-size\">S&#8217;ha realitzat utilitzant HTML5 com a llenguatge de marcatge i fulls d&#8217;estil CSS 3 pel disseny.<\/li>\n<li>A m\u00e9s, es fa un treball continu d&#8217;auditoria i revisi\u00f3 de continguts per facilitar-ne la interpretaci\u00f3 i millorar la navegaci\u00f3 pel portal web.<\/li>\n<\/ul>\n<p>&nbsp;<\/p>\n<p>&nbsp;<\/p>\n<p>[\/et_pb_text][\/et_pb_column][\/et_pb_row][et_pb_row _builder_version=&#8221;4.25.1&#8243; _module_preset=&#8221;default&#8221; global_colors_info=&#8221;{}&#8221;][et_pb_column type=&#8221;4_4&#8243; _builder_version=&#8221;4.25.1&#8243; _module_preset=&#8221;default&#8221; global_colors_info=&#8221;{}&#8221;][et_pb_button button_url=&#8221;https:\/\/www.adalan.es\/wp-content\/uploads\/2024\/05\/Accesibilidad-Adalan.pdf&#8221; url_new_window=&#8221;on&#8221; button_text=&#8221;Descarregar PDF&#8221; _builder_version=&#8221;4.25.1&#8243; _module_preset=&#8221;default&#8221; custom_button=&#8221;on&#8221; button_text_color=&#8221;#08857e&#8221; global_colors_info=&#8221;{}&#8221;][\/et_pb_button][\/et_pb_column][\/et_pb_row][\/et_pb_section][et_pb_section fb_built=&#8221;1&#8243; admin_label=&#8221;kit-digital&#8221; module_class=&#8221;kit-digital&#8221; _builder_version=&#8221;4.25.1&#8243; _module_preset=&#8221;default&#8221; custom_margin=&#8221;0px||0px||false|false&#8221; custom_padding=&#8221;0px||0px||false|false&#8221; global_colors_info=&#8221;{}&#8221;][et_pb_row column_structure=&#8221;1_5,1_5,1_5,1_5,1_5&#8243; _builder_version=&#8221;4.25.1&#8243; _module_preset=&#8221;default&#8221; global_colors_info=&#8221;{}&#8221;][et_pb_column type=&#8221;1_5&#8243; _builder_version=&#8221;4.25.1&#8243; _module_preset=&#8221;default&#8221; global_colors_info=&#8221;{}&#8221;][et_pb_image src=&#8221;https:\/\/www.adalan.es\/wp-content\/uploads\/2024\/05\/LogoNextGen.png&#8221; title_text=&#8221;LogoNextGen&#8221; admin_label=&#8221;Imagen&#8221; _builder_version=&#8221;4.25.1&#8243; _module_preset=&#8221;default&#8221; module_alignment=&#8221;center&#8221; global_colors_info=&#8221;{}&#8221;][\/et_pb_image][\/et_pb_column][et_pb_column type=&#8221;1_5&#8243; _builder_version=&#8221;4.25.1&#8243; _module_preset=&#8221;default&#8221; global_colors_info=&#8221;{}&#8221;][et_pb_image src=&#8221;https:\/\/www.adalan.es\/wp-content\/uploads\/2024\/05\/logoGobEspana.png&#8221; title_text=&#8221;logoGobEspana&#8221; align=&#8221;center&#8221; force_fullwidth=&#8221;on&#8221; _builder_version=&#8221;4.25.1&#8243; _module_preset=&#8221;default&#8221; custom_padding=&#8221;5px||||false|false&#8221; global_colors_info=&#8221;{}&#8221;][\/et_pb_image][\/et_pb_column][et_pb_column type=&#8221;1_5&#8243; _builder_version=&#8221;4.25.1&#8243; _module_preset=&#8221;default&#8221; global_colors_info=&#8221;{}&#8221;][et_pb_image src=&#8221;https:\/\/www.adalan.es\/wp-content\/uploads\/2024\/05\/LogoRedes.png&#8221; title_text=&#8221;LogoRedes&#8221; _builder_version=&#8221;4.25.1&#8243; _module_preset=&#8221;default&#8221; width=&#8221;55%&#8221; module_alignment=&#8221;center&#8221; custom_margin=&#8221;|||20px|false|false&#8221; global_colors_info=&#8221;{}&#8221;][\/et_pb_image][\/et_pb_column][et_pb_column type=&#8221;1_5&#8243; _builder_version=&#8221;4.25.1&#8243; _module_preset=&#8221;default&#8221; global_colors_info=&#8221;{}&#8221;][et_pb_image src=&#8221;https:\/\/www.adalan.es\/wp-content\/uploads\/2024\/05\/LOGOPOSITIVO.png&#8221; title_text=&#8221;LOGOPOSITIVO&#8221; _builder_version=&#8221;4.25.1&#8243; _module_preset=&#8221;default&#8221; width=&#8221;55%&#8221; module_alignment=&#8221;center&#8221; global_colors_info=&#8221;{}&#8221;][\/et_pb_image][\/et_pb_column][et_pb_column type=&#8221;1_5&#8243; _builder_version=&#8221;4.25.1&#8243; _module_preset=&#8221;default&#8221; global_colors_info=&#8221;{}&#8221;][et_pb_image src=&#8221;https:\/\/www.adalan.es\/wp-content\/uploads\/2024\/05\/logoKitDigital.png&#8221; title_text=&#8221;logoKitDigital&#8221; _builder_version=&#8221;4.25.1&#8243; _module_preset=&#8221;default&#8221; width=&#8221;55%&#8221; module_alignment=&#8221;center&#8221; custom_padding=&#8221;10px||||false|false&#8221; global_colors_info=&#8221;{}&#8221;][\/et_pb_image][\/et_pb_column][\/et_pb_row][\/et_pb_section]<\/p>\n","protected":false},"excerpt":{"rendered":"<p>Actualitzat: Juny de 2024 ADALAN M\u00d3N DE NATURA, S.L. s&#8217;ha comprom\u00e8s a fer accessible el vostre lloc web de conformitat amb el Reial Decret 1112\/2018, de 7 de setembre, sobre accessibilitat dels llocs web i aplicacions per a dispositius m\u00f2bils del sector p\u00fablic (d&#8217;ara endavant, Reial Decret 1112\/2018, de 7 de setembre). Aquesta declaraci\u00f3 d&#8217;accessibilitat [&hellip;]<\/p>\n","protected":false},"author":1,"featured_media":0,"parent":0,"menu_order":0,"comment_status":"closed","ping_status":"closed","template":"","meta":{"_et_pb_use_builder":"on","_et_pb_old_content":"","_et_gb_content_width":"","footnotes":""},"class_list":["post-2754","page","type-page","status-publish","hentry"],"yoast_head":"<!-- This site is optimized with the Yoast SEO plugin v24.1 - https:\/\/yoast.com\/wordpress\/plugins\/seo\/ -->\n<title>Declaraci\u00f3 d&#039;accessibilitat - adalan<\/title>\n<meta name=\"robots\" content=\"index, follow, max-snippet:-1, max-image-preview:large, max-video-preview:-1\" \/>\n<link rel=\"canonical\" href=\"https:\/\/www.adalan.es\/ca\/declaracio-daccesibilitat\/\" \/>\n<meta property=\"og:locale\" content=\"ca_ES\" \/>\n<meta property=\"og:type\" content=\"article\" \/>\n<meta property=\"og:title\" content=\"Declaraci\u00f3 d&#039;accessibilitat - adalan\" \/>\n<meta property=\"og:description\" content=\"Actualitzat: Juny de 2024 ADALAN M\u00d3N DE NATURA, S.L. s&#039;ha comprom\u00e8s a fer accessible el vostre lloc web de conformitat amb el Reial Decret 1112\/2018, de 7 de setembre, sobre accessibilitat dels llocs web i aplicacions per a dispositius m\u00f2bils del sector p\u00fablic (d&#039;ara endavant, Reial Decret 1112\/2018, de 7 de setembre). Aquesta declaraci\u00f3 d&#039;accessibilitat [&hellip;]\" \/>\n<meta property=\"og:url\" content=\"https:\/\/www.adalan.es\/ca\/declaracio-daccesibilitat\/\" \/>\n<meta property=\"og:site_name\" content=\"adalan\" \/>\n<meta property=\"article:publisher\" content=\"https:\/\/www.facebook.com\/people\/Adalan-Mn-de-Natura\/100069212570246\/\" \/>\n<meta property=\"article:modified_time\" content=\"2024-09-23T14:01:19+00:00\" \/>\n<meta name=\"twitter:card\" content=\"summary_large_image\" \/>\n<meta name=\"twitter:label1\" content=\"Temps estimat de lectura\" \/>\n\t<meta name=\"twitter:data1\" content=\"5 minuts\" \/>\n<script type=\"application\/ld+json\" class=\"yoast-schema-graph\">{\"@context\":\"https:\/\/schema.org\",\"@graph\":[{\"@type\":\"WebPage\",\"@id\":\"https:\/\/www.adalan.es\/ca\/declaracio-daccesibilitat\/\",\"url\":\"https:\/\/www.adalan.es\/ca\/declaracio-daccesibilitat\/\",\"name\":\"Declaraci\u00f3 d'accessibilitat - adalan\",\"isPartOf\":{\"@id\":\"https:\/\/www.adalan.es\/ca\/#website\"},\"datePublished\":\"2024-05-24T10:13:59+00:00\",\"dateModified\":\"2024-09-23T14:01:19+00:00\",\"breadcrumb\":{\"@id\":\"https:\/\/www.adalan.es\/ca\/declaracio-daccesibilitat\/#breadcrumb\"},\"inLanguage\":\"ca\",\"potentialAction\":[{\"@type\":\"ReadAction\",\"target\":[\"https:\/\/www.adalan.es\/ca\/declaracio-daccesibilitat\/\"]}]},{\"@type\":\"BreadcrumbList\",\"@id\":\"https:\/\/www.adalan.es\/ca\/declaracio-daccesibilitat\/#breadcrumb\",\"itemListElement\":[{\"@type\":\"ListItem\",\"position\":1,\"name\":\"Portada\",\"item\":\"https:\/\/www.adalan.es\/ca\/\"},{\"@type\":\"ListItem\",\"position\":2,\"name\":\"Declaraci\u00f3 d&#8217;accessibilitat\"}]},{\"@type\":\"WebSite\",\"@id\":\"https:\/\/www.adalan.es\/ca\/#website\",\"url\":\"https:\/\/www.adalan.es\/ca\/\",\"name\":\"adalan\",\"description\":\"Salud y belleza natulares\",\"publisher\":{\"@id\":\"https:\/\/www.adalan.es\/ca\/#organization\"},\"potentialAction\":[{\"@type\":\"SearchAction\",\"target\":{\"@type\":\"EntryPoint\",\"urlTemplate\":\"https:\/\/www.adalan.es\/ca\/?s={search_term_string}\"},\"query-input\":{\"@type\":\"PropertyValueSpecification\",\"valueRequired\":true,\"valueName\":\"search_term_string\"}}],\"inLanguage\":\"ca\"},{\"@type\":\"Organization\",\"@id\":\"https:\/\/www.adalan.es\/ca\/#organization\",\"name\":\"adalan\",\"url\":\"https:\/\/www.adalan.es\/ca\/\",\"logo\":{\"@type\":\"ImageObject\",\"inLanguage\":\"ca\",\"@id\":\"https:\/\/www.adalan.es\/ca\/#\/schema\/logo\/image\/\",\"url\":\"https:\/\/www.adalan.es\/wp-content\/uploads\/2015\/04\/logo.jpg\",\"contentUrl\":\"https:\/\/www.adalan.es\/wp-content\/uploads\/2015\/04\/logo.jpg\",\"width\":300,\"height\":83,\"caption\":\"adalan\"},\"image\":{\"@id\":\"https:\/\/www.adalan.es\/ca\/#\/schema\/logo\/image\/\"},\"sameAs\":[\"https:\/\/www.facebook.com\/people\/Adalan-Mn-de-Natura\/100069212570246\/\",\"https:\/\/www.instagram.com\/adalanmondenatura_\/\"]}]}<\/script>\n<!-- \/ Yoast SEO plugin. -->","yoast_head_json":{"title":"Declaraci\u00f3 d'accessibilitat - adalan","robots":{"index":"index","follow":"follow","max-snippet":"max-snippet:-1","max-image-preview":"max-image-preview:large","max-video-preview":"max-video-preview:-1"},"canonical":"https:\/\/www.adalan.es\/ca\/declaracio-daccesibilitat\/","og_locale":"ca_ES","og_type":"article","og_title":"Declaraci\u00f3 d'accessibilitat - adalan","og_description":"Actualitzat: Juny de 2024 ADALAN M\u00d3N DE NATURA, S.L. s'ha comprom\u00e8s a fer accessible el vostre lloc web de conformitat amb el Reial Decret 1112\/2018, de 7 de setembre, sobre accessibilitat dels llocs web i aplicacions per a dispositius m\u00f2bils del sector p\u00fablic (d'ara endavant, Reial Decret 1112\/2018, de 7 de setembre). Aquesta declaraci\u00f3 d'accessibilitat [&hellip;]","og_url":"https:\/\/www.adalan.es\/ca\/declaracio-daccesibilitat\/","og_site_name":"adalan","article_publisher":"https:\/\/www.facebook.com\/people\/Adalan-Mn-de-Natura\/100069212570246\/","article_modified_time":"2024-09-23T14:01:19+00:00","twitter_card":"summary_large_image","twitter_misc":{"Temps estimat de lectura":"5 minuts"},"schema":{"@context":"https:\/\/schema.org","@graph":[{"@type":"WebPage","@id":"https:\/\/www.adalan.es\/ca\/declaracio-daccesibilitat\/","url":"https:\/\/www.adalan.es\/ca\/declaracio-daccesibilitat\/","name":"Declaraci\u00f3 d'accessibilitat - adalan","isPartOf":{"@id":"https:\/\/www.adalan.es\/ca\/#website"},"datePublished":"2024-05-24T10:13:59+00:00","dateModified":"2024-09-23T14:01:19+00:00","breadcrumb":{"@id":"https:\/\/www.adalan.es\/ca\/declaracio-daccesibilitat\/#breadcrumb"},"inLanguage":"ca","potentialAction":[{"@type":"ReadAction","target":["https:\/\/www.adalan.es\/ca\/declaracio-daccesibilitat\/"]}]},{"@type":"BreadcrumbList","@id":"https:\/\/www.adalan.es\/ca\/declaracio-daccesibilitat\/#breadcrumb","itemListElement":[{"@type":"ListItem","position":1,"name":"Portada","item":"https:\/\/www.adalan.es\/ca\/"},{"@type":"ListItem","position":2,"name":"Declaraci\u00f3 d&#8217;accessibilitat"}]},{"@type":"WebSite","@id":"https:\/\/www.adalan.es\/ca\/#website","url":"https:\/\/www.adalan.es\/ca\/","name":"adalan","description":"Salud y belleza natulares","publisher":{"@id":"https:\/\/www.adalan.es\/ca\/#organization"},"potentialAction":[{"@type":"SearchAction","target":{"@type":"EntryPoint","urlTemplate":"https:\/\/www.adalan.es\/ca\/?s={search_term_string}"},"query-input":{"@type":"PropertyValueSpecification","valueRequired":true,"valueName":"search_term_string"}}],"inLanguage":"ca"},{"@type":"Organization","@id":"https:\/\/www.adalan.es\/ca\/#organization","name":"adalan","url":"https:\/\/www.adalan.es\/ca\/","logo":{"@type":"ImageObject","inLanguage":"ca","@id":"https:\/\/www.adalan.es\/ca\/#\/schema\/logo\/image\/","url":"https:\/\/www.adalan.es\/wp-content\/uploads\/2015\/04\/logo.jpg","contentUrl":"https:\/\/www.adalan.es\/wp-content\/uploads\/2015\/04\/logo.jpg","width":300,"height":83,"caption":"adalan"},"image":{"@id":"https:\/\/www.adalan.es\/ca\/#\/schema\/logo\/image\/"},"sameAs":["https:\/\/www.facebook.com\/people\/Adalan-Mn-de-Natura\/100069212570246\/","https:\/\/www.instagram.com\/adalanmondenatura_\/"]}]}},"_links":{"self":[{"href":"https:\/\/www.adalan.es\/ca\/wp-json\/wp\/v2\/pages\/2754","targetHints":{"allow":["GET"]}}],"collection":[{"href":"https:\/\/www.adalan.es\/ca\/wp-json\/wp\/v2\/pages"}],"about":[{"href":"https:\/\/www.adalan.es\/ca\/wp-json\/wp\/v2\/types\/page"}],"author":[{"embeddable":true,"href":"https:\/\/www.adalan.es\/ca\/wp-json\/wp\/v2\/users\/1"}],"replies":[{"embeddable":true,"href":"https:\/\/www.adalan.es\/ca\/wp-json\/wp\/v2\/comments?post=2754"}],"version-history":[{"count":5,"href":"https:\/\/www.adalan.es\/ca\/wp-json\/wp\/v2\/pages\/2754\/revisions"}],"predecessor-version":[{"id":3639,"href":"https:\/\/www.adalan.es\/ca\/wp-json\/wp\/v2\/pages\/2754\/revisions\/3639"}],"wp:attachment":[{"href":"https:\/\/www.adalan.es\/ca\/wp-json\/wp\/v2\/media?parent=2754"}],"curies":[{"name":"wp","href":"https:\/\/api.w.org\/{rel}","templated":true}]}}