{"id":2770,"date":"2024-05-24T10:04:10","date_gmt":"2024-05-24T10:04:10","guid":{"rendered":"https:\/\/www.adalan.es\/politica-de-cookies\/"},"modified":"2024-06-13T08:23:47","modified_gmt":"2024-06-13T08:23:47","slug":"politica-de-cookies","status":"publish","type":"page","link":"https:\/\/www.adalan.es\/ca\/politica-de-cookies\/","title":{"rendered":"Pol\u00edtica de cookies"},"content":{"rendered":"<p>[et_pb_section fb_built=&#8221;1&#8243; _builder_version=&#8221;4.16&#8243; global_colors_info=&#8221;{}&#8221;][et_pb_row _builder_version=&#8221;4.16&#8243; background_size=&#8221;initial&#8221; background_position=&#8221;top_left&#8221; background_repeat=&#8221;repeat&#8221; global_colors_info=&#8221;{}&#8221;][et_pb_column type=&#8221;4_4&#8243; _builder_version=&#8221;4.16&#8243; custom_padding=&#8221;|||&#8221; global_colors_info=&#8221;{}&#8221; custom_padding__hover=&#8221;|||&#8221;][et_pb_text _builder_version=&#8221;4.25.1&#8243; text_font=&#8221;Montserrat||||||||&#8221; background_size=&#8221;initial&#8221; background_position=&#8221;top_left&#8221; background_repeat=&#8221;repeat&#8221; hover_enabled=&#8221;0&#8243; custom_css_free_form=&#8221;a {||  color: #08857E;||  font-weight: bold;||}&#8221; global_colors_info=&#8221;{}&#8221; sticky_enabled=&#8221;0&#8243;]<\/p>\n<section class=\"elementor-section elementor-top-section elementor-element elementor-element-061b0ad elementor-section-boxed elementor-section-height-default elementor-section-height-default\" data-id=\"061b0ad\" data-element_type=\"section\">\n<div class=\"elementor-container elementor-column-gap-default\">\n<div class=\"elementor-column elementor-col-100 elementor-top-column elementor-element elementor-element-fb9fda6\" data-id=\"fb9fda6\" data-element_type=\"column\">\n<div class=\"elementor-widget-wrap elementor-element-populated\">\n<div class=\"elementor-element elementor-element-05490ae elementor-widget elementor-widget-text-editor\" data-id=\"05490ae\" data-element_type=\"widget\" data-widget_type=\"text-editor.default\">\n<div class=\"elementor-widget-container\">\n<h2>Pol\u00edtica de cookies<\/h2>\n<h2 class=\"wp-block-heading has-background-color has-text-color\">INFORMACI\u00d3 SOBRE COOKIES<\/h2>\n<p>Aquesta pol\u00edtica de galetes t\u00e9 per finalitat informar de manera clara i precisa sobre les galetes que s&#8217;utilitzen a la nostra web.<\/p>\n<h2 class=\"wp-block-heading has-background-color has-text-color\">QU\u00c8 S\u00d3N LES COOKIES?<\/h2>\n<p>Les cookies i altres tecnologies similars com ara local shared objects, flash cookies o p\u00edxels, s\u00f3n eines emprades pels servidors web per emmagatzemar i recuperar informaci\u00f3 sobre els seus visitants, aix\u00ed com per oferir un correcte funcionament del lloc.<\/p>\n<h2 class=\"wp-block-heading has-background-color has-text-color\">COOKIES UTILITZADES EN AQUEST LLOC WEB<\/h2>\n<p>En aquest lloc web s&#8217;utilitzen cookies pr\u00f2pies, de sessi\u00f3, amb finalitat t\u00e8cnica (aquelles que permeten a l&#8217;usuari la navegaci\u00f3 a trav\u00e9s del lloc web i la utilitzaci\u00f3 de les diferents opcions i serveis que hi existeixen) i les necess\u00e0ries per a la prestaci\u00f3 de serveis expressament sol\u00b7licitats per l&#8217;usuari. Tampoc no s&#8217;utilitzen cookies per demanar dades de car\u00e0cter personal de les persones interessades sense el seu coneixement o cedir-les a tercers.<\/p>\n<p>El portal del qual \u00e9s titular ADALAN MON DE NATURA, S.L., podria contenir enlla\u00e7os a llocs web de tercers, les pol\u00edtiques de privadesa dels quals s\u00f3n alienes a les d&#8217;ADALAN MON DE NATURA S.L. En accedir a aquests llocs web la persona interessada pot decidir si accepta les seves pol\u00edtiques de privadesa i de cookies.<\/p>\n<\/div>\n<\/div>\n<\/div>\n<\/div>\n<\/div>\n<\/section>\n<section class=\"elementor-section elementor-top-section elementor-element elementor-element-a17e4a3 elementor-section-boxed elementor-section-height-default elementor-section-height-default\" data-id=\"a17e4a3\" data-element_type=\"section\">\n<div class=\"elementor-container elementor-column-gap-default\">\n<div class=\"elementor-column elementor-col-100 elementor-top-column elementor-element elementor-element-2b7b028\" data-id=\"2b7b028\" data-element_type=\"column\">\n<div class=\"elementor-widget-wrap elementor-element-populated\">\n<div class=\"elementor-element elementor-element-10d2c72 elementor-widget elementor-widget-text-editor\" data-id=\"10d2c72\" data-element_type=\"widget\" data-widget_type=\"text-editor.default\">\n<div class=\"elementor-widget-container\">\n<p><strong>COOKIES DE GOOGLE ANALYTICS<\/strong><\/p>\n<p>Utilitzem els serveis de Google Analytics, una eina d&#8217;an\u00e0lisi web gestionada per Google, prestador de serveis situat als Estats Units, pa\u00eds que no t\u00e9 un nivell de privadesa equivalent a l&#8217;europeu. Per aix\u00f2, en aquest cas les transfer\u00e8ncies internacionals a Google estan emparades mitjan\u00e7ant les corresponents Cl\u00e0usules Contractuals Tipus aprovades per la Comissi\u00f3 Europea. Per a m\u00e9s informaci\u00f3 sobre l&#8217;\u00fas de dades de car\u00e0cter personal dels serveis de Google Analytics, podeu <a href=\"https:\/\/support.google.com\/analytics\/answer\/6004245?hl=es#zippy=%2Cidentificadores-y-cookies-de-google-analytics\" target=\"_blank\" rel=\"noopener\"> accedir<\/a> <a href=\"https:\/\/support.google.com\/analytics\/answer\/6004245?hl=es#zippy=%2Cidentificadores-y-cookies-de-google-analytics\" target=\"_blank\" rel=\"noopener\"> aqu\u00ed.<\/a><\/p>\n<table class=\" aligncenter\" cellspacing=\"0\" cellpadding=\"0\">\n<tbody>\n<tr>\n<td><b>Cookie<\/b><\/td>\n<td><b>Tipus<\/b><\/td>\n<td><b>Prove\u00efdor<\/b><\/td>\n<td><b>Objectiu<\/b><\/td>\n<td><b>Durada<\/b><\/td>\n<td><b>Funci\u00f3<\/b><\/td>\n<\/tr>\n<tr>\n<td>_gat<\/td>\n<td>Cookie de tercer<\/td>\n<td>Google Analytics<\/td>\n<td>An\u00e0lisi o mesurament<\/td>\n<td>1 minut<\/td>\n<td>Es fa servir per limitar el percentatge de sol\u00b7licituds. Cont\u00e9 un identificador per diferenciar entre els diferents objectes de seguiment creats a la sessi\u00f3.<\/td>\n<\/tr>\n<tr>\n<td>_gid<\/td>\n<td>Cookie de tercer<\/td>\n<td>Google Analytics)<\/td>\n<td>An\u00e0lisi o mesurament<\/td>\n<td>2 anys y 1 dia<\/td>\n<td>Es fa servir per distingir els usuaris.<\/td>\n<\/tr>\n<\/tbody>\n<\/table>\n<\/div>\n<\/div>\n<\/div>\n<\/div>\n<\/div>\n<\/section>\n<section class=\"elementor-section elementor-top-section elementor-element elementor-element-54439e4 elementor-section-boxed elementor-section-height-default elementor-section-height-default\" data-id=\"54439e4\" data-element_type=\"section\">\n<div class=\"elementor-container elementor-column-gap-default\">\n<div class=\"elementor-column elementor-col-100 elementor-top-column elementor-element elementor-element-10624b2\" data-id=\"10624b2\" data-element_type=\"column\">\n<div class=\"elementor-widget-wrap elementor-element-populated\">\n<div class=\"elementor-element elementor-element-287712d elementor-widget elementor-widget-text-editor\" data-id=\"287712d\" data-element_type=\"widget\" data-widget_type=\"text-editor.default\">\n<div class=\"elementor-widget-container\">\n<p><strong>COM CONFIGURAR LES PREFER\u00c8NCIES DE PRIVACITAT DE LES COOKIES AL TEU NAVEGADOR<\/strong><\/p>\n<p>Podeu permetre, bloquejar o esborrar les galetes del navegador que utilitzeu. Als seg\u00fcents enlla\u00e7os tens informaci\u00f3 sobre com configurar les cookies als navegadors comuns:<\/p>\n<p><a href=\"https:\/\/support.google.com\/accounts\/answer\/61416?co=GENIE.Platform=Desktop&amp;hl=es\" target=\"_blank\" rel=\"noopener\">Google Chrome<\/a><br \/><a href=\"https:\/\/support.mozilla.org\/es\/kb\/habilitar-y-deshabilitar-cookies-sitios-web-rastrear-preferencias\" target=\"_blank\" rel=\"noopener\">Mozilla Firefox<\/a><br \/><a href=\"https:\/\/support.microsoft.com\/es-es\/windows\/eliminar-y-administrar-cookies-168dab11-0753-043d-7c16-ede5947fc64d\" target=\"_blank\" rel=\"noopener\">Microsoft Edge<\/a><br \/><a href=\"https:\/\/support.apple.com\/es-es\/guide\/safari\/sfri11471\/mac\" target=\"_blank\" rel=\"noopener\">Safari desktop<\/a><br \/><a href=\"https:\/\/support.apple.com\/es-es\/HT201265\" target=\"_blank\" rel=\"noopener\">Safari<\/a><br \/><a href=\"https:\/\/support.google.com\/accounts\/answer\/61416?co=GENIE.Platform=Android&amp;hl=es\" target=\"_blank\" rel=\"noopener\">Chrome para Android<\/a><\/p>\n<p>T&#8217;informem que algunes caracter\u00edstiques dels continguts de les nostres plataformes nom\u00e9s estan disponibles si es permet la instal\u00b7laci\u00f3 de Cookies al teu navegador. Si decideixes no acceptar o bloquejar determinades cookies, pot ser que aix\u00f2 afecti el correcte funcionament normal de la p\u00e0gina web o que impedeixi l&#8217;acc\u00e9s a algunes funcionalitats de la mateixa o d&#8217;altres p\u00e0gines web de tercers.<\/p>\n<\/div>\n<\/div>\n<\/div>\n<\/div>\n<\/div>\n<\/section>\n<p>[\/et_pb_text][\/et_pb_column][\/et_pb_row][\/et_pb_section]<\/p>\n","protected":false},"excerpt":{"rendered":"<p>Pol\u00edtica de cookies INFORMACI\u00d3 SOBRE COOKIES Aquesta pol\u00edtica de galetes t\u00e9 per finalitat informar de manera clara i precisa sobre les galetes que s&#8217;utilitzen a la nostra web. QU\u00c8 S\u00d3N LES COOKIES? Les cookies i altres tecnologies similars com ara local shared objects, flash cookies o p\u00edxels, s\u00f3n eines emprades pels servidors web per emmagatzemar [&hellip;]<\/p>\n","protected":false},"author":1,"featured_media":0,"parent":0,"menu_order":0,"comment_status":"closed","ping_status":"closed","template":"","meta":{"_et_pb_use_builder":"on","_et_pb_old_content":"","_et_gb_content_width":"","footnotes":""},"class_list":["post-2770","page","type-page","status-publish","hentry"],"yoast_head":"<!-- This site is optimized with the Yoast SEO plugin v24.1 - https:\/\/yoast.com\/wordpress\/plugins\/seo\/ -->\n<title>Pol\u00edtica de cookies - adalan<\/title>\n<meta name=\"robots\" content=\"index, follow, max-snippet:-1, max-image-preview:large, max-video-preview:-1\" \/>\n<link rel=\"canonical\" href=\"https:\/\/www.adalan.es\/ca\/politica-de-cookies\/\" \/>\n<meta property=\"og:locale\" content=\"ca_ES\" \/>\n<meta property=\"og:type\" content=\"article\" \/>\n<meta property=\"og:title\" content=\"Pol\u00edtica de cookies - adalan\" \/>\n<meta property=\"og:description\" content=\"Pol\u00edtica de cookies INFORMACI\u00d3 SOBRE COOKIES Aquesta pol\u00edtica de galetes t\u00e9 per finalitat informar de manera clara i precisa sobre les galetes que s&#039;utilitzen a la nostra web. QU\u00c8 S\u00d3N LES COOKIES? Les cookies i altres tecnologies similars com ara local shared objects, flash cookies o p\u00edxels, s\u00f3n eines emprades pels servidors web per emmagatzemar [&hellip;]\" \/>\n<meta property=\"og:url\" content=\"https:\/\/www.adalan.es\/ca\/politica-de-cookies\/\" \/>\n<meta property=\"og:site_name\" content=\"adalan\" \/>\n<meta property=\"article:publisher\" content=\"https:\/\/www.facebook.com\/people\/Adalan-Mn-de-Natura\/100069212570246\/\" \/>\n<meta property=\"article:modified_time\" content=\"2024-06-13T08:23:47+00:00\" \/>\n<meta name=\"twitter:card\" content=\"summary_large_image\" \/>\n<meta name=\"twitter:label1\" content=\"Temps estimat de lectura\" \/>\n\t<meta name=\"twitter:data1\" content=\"3 minuts\" \/>\n<script type=\"application\/ld+json\" class=\"yoast-schema-graph\">{\"@context\":\"https:\/\/schema.org\",\"@graph\":[{\"@type\":\"WebPage\",\"@id\":\"https:\/\/www.adalan.es\/ca\/politica-de-cookies\/\",\"url\":\"https:\/\/www.adalan.es\/ca\/politica-de-cookies\/\",\"name\":\"Pol\u00edtica de cookies - adalan\",\"isPartOf\":{\"@id\":\"https:\/\/www.adalan.es\/ca\/#website\"},\"datePublished\":\"2024-05-24T10:04:10+00:00\",\"dateModified\":\"2024-06-13T08:23:47+00:00\",\"breadcrumb\":{\"@id\":\"https:\/\/www.adalan.es\/ca\/politica-de-cookies\/#breadcrumb\"},\"inLanguage\":\"ca\",\"potentialAction\":[{\"@type\":\"ReadAction\",\"target\":[\"https:\/\/www.adalan.es\/ca\/politica-de-cookies\/\"]}]},{\"@type\":\"BreadcrumbList\",\"@id\":\"https:\/\/www.adalan.es\/ca\/politica-de-cookies\/#breadcrumb\",\"itemListElement\":[{\"@type\":\"ListItem\",\"position\":1,\"name\":\"Portada\",\"item\":\"https:\/\/www.adalan.es\/ca\/\"},{\"@type\":\"ListItem\",\"position\":2,\"name\":\"Pol\u00edtica de cookies\"}]},{\"@type\":\"WebSite\",\"@id\":\"https:\/\/www.adalan.es\/ca\/#website\",\"url\":\"https:\/\/www.adalan.es\/ca\/\",\"name\":\"adalan\",\"description\":\"Salud y belleza natulares\",\"publisher\":{\"@id\":\"https:\/\/www.adalan.es\/ca\/#organization\"},\"potentialAction\":[{\"@type\":\"SearchAction\",\"target\":{\"@type\":\"EntryPoint\",\"urlTemplate\":\"https:\/\/www.adalan.es\/ca\/?s={search_term_string}\"},\"query-input\":{\"@type\":\"PropertyValueSpecification\",\"valueRequired\":true,\"valueName\":\"search_term_string\"}}],\"inLanguage\":\"ca\"},{\"@type\":\"Organization\",\"@id\":\"https:\/\/www.adalan.es\/ca\/#organization\",\"name\":\"adalan\",\"url\":\"https:\/\/www.adalan.es\/ca\/\",\"logo\":{\"@type\":\"ImageObject\",\"inLanguage\":\"ca\",\"@id\":\"https:\/\/www.adalan.es\/ca\/#\/schema\/logo\/image\/\",\"url\":\"https:\/\/www.adalan.es\/wp-content\/uploads\/2015\/04\/logo.jpg\",\"contentUrl\":\"https:\/\/www.adalan.es\/wp-content\/uploads\/2015\/04\/logo.jpg\",\"width\":300,\"height\":83,\"caption\":\"adalan\"},\"image\":{\"@id\":\"https:\/\/www.adalan.es\/ca\/#\/schema\/logo\/image\/\"},\"sameAs\":[\"https:\/\/www.facebook.com\/people\/Adalan-Mn-de-Natura\/100069212570246\/\",\"https:\/\/www.instagram.com\/adalanmondenatura_\/\"]}]}<\/script>\n<!-- \/ Yoast SEO plugin. -->","yoast_head_json":{"title":"Pol\u00edtica de cookies - adalan","robots":{"index":"index","follow":"follow","max-snippet":"max-snippet:-1","max-image-preview":"max-image-preview:large","max-video-preview":"max-video-preview:-1"},"canonical":"https:\/\/www.adalan.es\/ca\/politica-de-cookies\/","og_locale":"ca_ES","og_type":"article","og_title":"Pol\u00edtica de cookies - adalan","og_description":"Pol\u00edtica de cookies INFORMACI\u00d3 SOBRE COOKIES Aquesta pol\u00edtica de galetes t\u00e9 per finalitat informar de manera clara i precisa sobre les galetes que s'utilitzen a la nostra web. QU\u00c8 S\u00d3N LES COOKIES? Les cookies i altres tecnologies similars com ara local shared objects, flash cookies o p\u00edxels, s\u00f3n eines emprades pels servidors web per emmagatzemar [&hellip;]","og_url":"https:\/\/www.adalan.es\/ca\/politica-de-cookies\/","og_site_name":"adalan","article_publisher":"https:\/\/www.facebook.com\/people\/Adalan-Mn-de-Natura\/100069212570246\/","article_modified_time":"2024-06-13T08:23:47+00:00","twitter_card":"summary_large_image","twitter_misc":{"Temps estimat de lectura":"3 minuts"},"schema":{"@context":"https:\/\/schema.org","@graph":[{"@type":"WebPage","@id":"https:\/\/www.adalan.es\/ca\/politica-de-cookies\/","url":"https:\/\/www.adalan.es\/ca\/politica-de-cookies\/","name":"Pol\u00edtica de cookies - adalan","isPartOf":{"@id":"https:\/\/www.adalan.es\/ca\/#website"},"datePublished":"2024-05-24T10:04:10+00:00","dateModified":"2024-06-13T08:23:47+00:00","breadcrumb":{"@id":"https:\/\/www.adalan.es\/ca\/politica-de-cookies\/#breadcrumb"},"inLanguage":"ca","potentialAction":[{"@type":"ReadAction","target":["https:\/\/www.adalan.es\/ca\/politica-de-cookies\/"]}]},{"@type":"BreadcrumbList","@id":"https:\/\/www.adalan.es\/ca\/politica-de-cookies\/#breadcrumb","itemListElement":[{"@type":"ListItem","position":1,"name":"Portada","item":"https:\/\/www.adalan.es\/ca\/"},{"@type":"ListItem","position":2,"name":"Pol\u00edtica de cookies"}]},{"@type":"WebSite","@id":"https:\/\/www.adalan.es\/ca\/#website","url":"https:\/\/www.adalan.es\/ca\/","name":"adalan","description":"Salud y belleza natulares","publisher":{"@id":"https:\/\/www.adalan.es\/ca\/#organization"},"potentialAction":[{"@type":"SearchAction","target":{"@type":"EntryPoint","urlTemplate":"https:\/\/www.adalan.es\/ca\/?s={search_term_string}"},"query-input":{"@type":"PropertyValueSpecification","valueRequired":true,"valueName":"search_term_string"}}],"inLanguage":"ca"},{"@type":"Organization","@id":"https:\/\/www.adalan.es\/ca\/#organization","name":"adalan","url":"https:\/\/www.adalan.es\/ca\/","logo":{"@type":"ImageObject","inLanguage":"ca","@id":"https:\/\/www.adalan.es\/ca\/#\/schema\/logo\/image\/","url":"https:\/\/www.adalan.es\/wp-content\/uploads\/2015\/04\/logo.jpg","contentUrl":"https:\/\/www.adalan.es\/wp-content\/uploads\/2015\/04\/logo.jpg","width":300,"height":83,"caption":"adalan"},"image":{"@id":"https:\/\/www.adalan.es\/ca\/#\/schema\/logo\/image\/"},"sameAs":["https:\/\/www.facebook.com\/people\/Adalan-Mn-de-Natura\/100069212570246\/","https:\/\/www.instagram.com\/adalanmondenatura_\/"]}]}},"_links":{"self":[{"href":"https:\/\/www.adalan.es\/ca\/wp-json\/wp\/v2\/pages\/2770","targetHints":{"allow":["GET"]}}],"collection":[{"href":"https:\/\/www.adalan.es\/ca\/wp-json\/wp\/v2\/pages"}],"about":[{"href":"https:\/\/www.adalan.es\/ca\/wp-json\/wp\/v2\/types\/page"}],"author":[{"embeddable":true,"href":"https:\/\/www.adalan.es\/ca\/wp-json\/wp\/v2\/users\/1"}],"replies":[{"embeddable":true,"href":"https:\/\/www.adalan.es\/ca\/wp-json\/wp\/v2\/comments?post=2770"}],"version-history":[{"count":4,"href":"https:\/\/www.adalan.es\/ca\/wp-json\/wp\/v2\/pages\/2770\/revisions"}],"predecessor-version":[{"id":2776,"href":"https:\/\/www.adalan.es\/ca\/wp-json\/wp\/v2\/pages\/2770\/revisions\/2776"}],"wp:attachment":[{"href":"https:\/\/www.adalan.es\/ca\/wp-json\/wp\/v2\/media?parent=2770"}],"curies":[{"name":"wp","href":"https:\/\/api.w.org\/{rel}","templated":true}]}}